{"id":12318,"date":"2024-06-20T15:02:20","date_gmt":"2024-06-20T13:02:20","guid":{"rendered":"http:\/\/develop.eam-scientific.com\/produkt\/rulo-agizli-sise-n-20-2325x755-mm-200-ml-fl-alt-duez-rr-seffaf\/"},"modified":"2024-06-20T15:02:20","modified_gmt":"2024-06-20T13:02:20","slug":"rulo-agizli-sise-n-20-2325x755-mm-200-ml-fl-alt-duez-rr-seffaf","status":"publish","type":"product","link":"https:\/\/develop.eam-scientific.com\/tr\/produkt\/rulo-agizli-sise-n-20-2325x755-mm-200-ml-fl-alt-duez-rr-seffaf\/","title":{"rendered":"Rulo a\u011f\u0131zl\u0131 \u015fi\u015fe, N 20, 23,25&#215;75,5 mm, 20,0 mL, fl. Alt, d\u00fcz RR, \u015feffaf"},"content":{"rendered":"<p>Ba\u015f bo\u015flu\u011fu \u015fi\u015fesi 1. hidrolitik s\u0131n\u0131f camdan yap\u0131lm\u0131\u015ft\u0131r; \u015feffaf ve kehribar rengi mevcuttur.<\/p>\n","protected":false},"excerpt":{"rendered":"<p>Ba\u015f bo\u015flu\u011fu \u015fi\u015fesi 1. hidrolitik s\u0131n\u0131f camdan yap\u0131lm\u0131\u015ft\u0131r; \u015feffaf ve kehribar rengi mevcuttur.<\/p>\n","protected":false},"featured_media":8714,"comment_status":"open","ping_status":"closed","template":"","meta":[],"product_cat":[67,99,92],"product_tag":[],"class_list":{"0":"post-12318","1":"product","2":"type-product","3":"status-publish","4":"has-post-thumbnail","6":"product_cat-kromatografi","7":"product_cat-siseler","8":"product_cat-vial-ve-kapaklar","10":"first","11":"instock","12":"shipping-taxable","13":"product-type-simple"},"_links":{"self":[{"href":"https:\/\/develop.eam-scientific.com\/tr\/wp-json\/wp\/v2\/product\/12318","targetHints":{"allow":["GET"]}}],"collection":[{"href":"https:\/\/develop.eam-scientific.com\/tr\/wp-json\/wp\/v2\/product"}],"about":[{"href":"https:\/\/develop.eam-scientific.com\/tr\/wp-json\/wp\/v2\/types\/product"}],"replies":[{"embeddable":true,"href":"https:\/\/develop.eam-scientific.com\/tr\/wp-json\/wp\/v2\/comments?post=12318"}],"wp:featuredmedia":[{"embeddable":true,"href":"https:\/\/develop.eam-scientific.com\/tr\/wp-json\/wp\/v2\/media\/8714"}],"wp:attachment":[{"href":"https:\/\/develop.eam-scientific.com\/tr\/wp-json\/wp\/v2\/media?parent=12318"}],"wp:term":[{"taxonomy":"product_cat","embeddable":true,"href":"https:\/\/develop.eam-scientific.com\/tr\/wp-json\/wp\/v2\/product_cat?post=12318"},{"taxonomy":"product_tag","embeddable":true,"href":"https:\/\/develop.eam-scientific.com\/tr\/wp-json\/wp\/v2\/product_tag?post=12318"}],"curies":[{"name":"wp","href":"https:\/\/api.w.org\/{rel}","templated":true}]}}