{"id":12320,"date":"2024-06-20T15:02:20","date_gmt":"2024-06-20T13:02:20","guid":{"rendered":"http:\/\/develop.eam-scientific.com\/produkt\/disli-sise-n-9-116x320-mm-11-ml-masif-cam-taban-icinde-koni-seffaf\/"},"modified":"2024-06-20T15:02:20","modified_gmt":"2024-06-20T13:02:20","slug":"disli-sise-n-9-116x320-mm-11-ml-masif-cam-taban-icinde-koni-seffaf","status":"publish","type":"product","link":"https:\/\/develop.eam-scientific.com\/tr\/produkt\/disli-sise-n-9-116x320-mm-11-ml-masif-cam-taban-icinde-koni-seffaf\/","title":{"rendered":"Di\u015fli \u015fi\u015fe, N 9, 11,6&#215;32,0 mm, 1,1 mL, masif cam taban i\u00e7inde koni, \u015feffaf"},"content":{"rendered":"<p>Reaksiyonlar ve konsantrasyonlar i\u00e7in ideal \u015fi\u015fe; otomatik \u00f6rnekleyicide \u00e7al\u0131\u015ft\u0131rmak i\u00e7in adapt\u00f6r gerekmez.<\/p>\n","protected":false},"excerpt":{"rendered":"<p>Reaksiyonlar ve konsantrasyonlar i\u00e7in ideal \u015fi\u015fe; otomatik \u00f6rnekleyicide \u00e7al\u0131\u015ft\u0131rmak i\u00e7in adapt\u00f6r gerekmez.<\/p>\n","protected":false},"featured_media":8718,"comment_status":"open","ping_status":"closed","template":"","meta":[],"product_cat":[67,99,92],"product_tag":[],"class_list":{"0":"post-12320","1":"product","2":"type-product","3":"status-publish","4":"has-post-thumbnail","6":"product_cat-kromatografi","7":"product_cat-siseler","8":"product_cat-vial-ve-kapaklar","10":"first","11":"instock","12":"shipping-taxable","13":"product-type-simple"},"_links":{"self":[{"href":"https:\/\/develop.eam-scientific.com\/tr\/wp-json\/wp\/v2\/product\/12320","targetHints":{"allow":["GET"]}}],"collection":[{"href":"https:\/\/develop.eam-scientific.com\/tr\/wp-json\/wp\/v2\/product"}],"about":[{"href":"https:\/\/develop.eam-scientific.com\/tr\/wp-json\/wp\/v2\/types\/product"}],"replies":[{"embeddable":true,"href":"https:\/\/develop.eam-scientific.com\/tr\/wp-json\/wp\/v2\/comments?post=12320"}],"wp:featuredmedia":[{"embeddable":true,"href":"https:\/\/develop.eam-scientific.com\/tr\/wp-json\/wp\/v2\/media\/8718"}],"wp:attachment":[{"href":"https:\/\/develop.eam-scientific.com\/tr\/wp-json\/wp\/v2\/media?parent=12320"}],"wp:term":[{"taxonomy":"product_cat","embeddable":true,"href":"https:\/\/develop.eam-scientific.com\/tr\/wp-json\/wp\/v2\/product_cat?post=12320"},{"taxonomy":"product_tag","embeddable":true,"href":"https:\/\/develop.eam-scientific.com\/tr\/wp-json\/wp\/v2\/product_tag?post=12320"}],"curies":[{"name":"wp","href":"https:\/\/api.w.org\/{rel}","templated":true}]}}