{"id":12322,"date":"2024-06-20T15:02:20","date_gmt":"2024-06-20T13:02:20","guid":{"rendered":"http:\/\/develop.eam-scientific.com\/produkt\/disli-sise-n-10-116x320-mm-15-ml-etiketleme-alani-duez-taban-seffaf\/"},"modified":"2024-06-20T15:02:20","modified_gmt":"2024-06-20T13:02:20","slug":"disli-sise-n-10-116x320-mm-15-ml-etiketleme-alani-duez-taban-seffaf","status":"publish","type":"product","link":"https:\/\/develop.eam-scientific.com\/tr\/produkt\/disli-sise-n-10-116x320-mm-15-ml-etiketleme-alani-duez-taban-seffaf\/","title":{"rendered":"Di\u015fli \u015fi\u015fe, N 10, 11,6&#215;32,0 mm, 1,5 mL, etiketleme alan\u0131, d\u00fcz taban, \u015feffaf"},"content":{"rendered":"<p>6 mm \u00e7ap\u0131nda mikro u\u00e7lar gerektiren geni\u015f a\u00e7\u0131kl\u0131kl\u0131 N 10 di\u015fli \u015fi\u015feler. Waters, Shimadzu, PerkinElmer ve Jasco cihazlar\u0131nda s\u0131kl\u0131kla kullan\u0131l\u0131r. Di\u015fli \u015fi\u015feler N 10, se\u00e7ti\u011finiz bir kapakla birlikte flakon kiti olarak da tedarik edilebilir. Her \u015fi\u015fe t\u00fcr\u00fc i\u00e7in CoC (Uygunluk Sertifikas\u0131) talep edilebilir.<\/p>\n","protected":false},"excerpt":{"rendered":"<p>6 mm \u00e7ap\u0131nda mikro u\u00e7lar gerektiren geni\u015f a\u00e7\u0131kl\u0131kl\u0131 N 10 di\u015fli \u015fi\u015feler. Waters, Shimadzu, PerkinElmer ve Jasco cihazlar\u0131nda s\u0131kl\u0131kla kullan\u0131l\u0131r. Di\u015fli \u015fi\u015feler N 10, se\u00e7ti\u011finiz bir kapakla birlikte flakon kiti olarak da tedarik edilebilir. Her \u015fi\u015fe t\u00fcr\u00fc i\u00e7in CoC (Uygunluk Sertifikas\u0131) talep edilebilir.<\/p>\n","protected":false},"featured_media":8712,"comment_status":"open","ping_status":"closed","template":"","meta":[],"product_cat":[67,99,92],"product_tag":[],"class_list":{"0":"post-12322","1":"product","2":"type-product","3":"status-publish","4":"has-post-thumbnail","6":"product_cat-kromatografi","7":"product_cat-siseler","8":"product_cat-vial-ve-kapaklar","10":"first","11":"instock","12":"shipping-taxable","13":"product-type-simple"},"_links":{"self":[{"href":"https:\/\/develop.eam-scientific.com\/tr\/wp-json\/wp\/v2\/product\/12322","targetHints":{"allow":["GET"]}}],"collection":[{"href":"https:\/\/develop.eam-scientific.com\/tr\/wp-json\/wp\/v2\/product"}],"about":[{"href":"https:\/\/develop.eam-scientific.com\/tr\/wp-json\/wp\/v2\/types\/product"}],"replies":[{"embeddable":true,"href":"https:\/\/develop.eam-scientific.com\/tr\/wp-json\/wp\/v2\/comments?post=12322"}],"wp:featuredmedia":[{"embeddable":true,"href":"https:\/\/develop.eam-scientific.com\/tr\/wp-json\/wp\/v2\/media\/8712"}],"wp:attachment":[{"href":"https:\/\/develop.eam-scientific.com\/tr\/wp-json\/wp\/v2\/media?parent=12322"}],"wp:term":[{"taxonomy":"product_cat","embeddable":true,"href":"https:\/\/develop.eam-scientific.com\/tr\/wp-json\/wp\/v2\/product_cat?post=12322"},{"taxonomy":"product_tag","embeddable":true,"href":"https:\/\/develop.eam-scientific.com\/tr\/wp-json\/wp\/v2\/product_tag?post=12322"}],"curies":[{"name":"wp","href":"https:\/\/api.w.org\/{rel}","templated":true}]}}