{"id":12336,"date":"2024-06-20T15:01:59","date_gmt":"2024-06-20T13:01:59","guid":{"rendered":"http:\/\/develop.eam-scientific.com\/produkt\/rulo-agizli-sise-n-20-300x650-mm-250-ml-fl-alt-duez-rr-seffaf\/"},"modified":"2024-06-20T15:01:59","modified_gmt":"2024-06-20T13:01:59","slug":"rulo-agizli-sise-n-20-300x650-mm-250-ml-fl-alt-duez-rr-seffaf","status":"publish","type":"product","link":"https:\/\/develop.eam-scientific.com\/tr\/produkt\/rulo-agizli-sise-n-20-300x650-mm-250-ml-fl-alt-duez-rr-seffaf\/","title":{"rendered":"Rulo a\u011f\u0131zl\u0131 \u015fi\u015fe, N 20, 30,0&#215;65,0 mm, 25,0 mL, fl. Alt, d\u00fcz RR, \u015feffaf"},"content":{"rendered":"<p>\u015ei\u015fe genellikle Shimadzu HSS-2B\/HSS-3A otomatik \u00f6rnekleyicilerde kullan\u0131l\u0131r. T\u00fcm 20 mm geni\u015fletilmi\u015f kapaklar ile kapat\u0131labilir.<\/p>\n","protected":false},"excerpt":{"rendered":"<p>\u015ei\u015fe genellikle Shimadzu HSS-2B\/HSS-3A otomatik \u00f6rnekleyicilerde kullan\u0131l\u0131r. T\u00fcm 20 mm geni\u015fletilmi\u015f kapaklar ile kapat\u0131labilir.<\/p>\n","protected":false},"featured_media":8700,"comment_status":"open","ping_status":"closed","template":"","meta":[],"product_cat":[67,99,92],"product_tag":[],"class_list":{"0":"post-12336","1":"product","2":"type-product","3":"status-publish","4":"has-post-thumbnail","6":"product_cat-kromatografi","7":"product_cat-siseler","8":"product_cat-vial-ve-kapaklar","10":"first","11":"instock","12":"shipping-taxable","13":"product-type-simple"},"_links":{"self":[{"href":"https:\/\/develop.eam-scientific.com\/tr\/wp-json\/wp\/v2\/product\/12336","targetHints":{"allow":["GET"]}}],"collection":[{"href":"https:\/\/develop.eam-scientific.com\/tr\/wp-json\/wp\/v2\/product"}],"about":[{"href":"https:\/\/develop.eam-scientific.com\/tr\/wp-json\/wp\/v2\/types\/product"}],"replies":[{"embeddable":true,"href":"https:\/\/develop.eam-scientific.com\/tr\/wp-json\/wp\/v2\/comments?post=12336"}],"wp:featuredmedia":[{"embeddable":true,"href":"https:\/\/develop.eam-scientific.com\/tr\/wp-json\/wp\/v2\/media\/8700"}],"wp:attachment":[{"href":"https:\/\/develop.eam-scientific.com\/tr\/wp-json\/wp\/v2\/media?parent=12336"}],"wp:term":[{"taxonomy":"product_cat","embeddable":true,"href":"https:\/\/develop.eam-scientific.com\/tr\/wp-json\/wp\/v2\/product_cat?post=12336"},{"taxonomy":"product_tag","embeddable":true,"href":"https:\/\/develop.eam-scientific.com\/tr\/wp-json\/wp\/v2\/product_tag?post=12336"}],"curies":[{"name":"wp","href":"https:\/\/api.w.org\/{rel}","templated":true}]}}