{"id":12340,"date":"2024-06-20T15:01:58","date_gmt":"2024-06-20T13:01:58","guid":{"rendered":"http:\/\/develop.eam-scientific.com\/produkt\/yuvarlatilmis-agizli-sise-n-11-116x320-mm-11-ml-konik-yuvarlak-taban-seffaf\/"},"modified":"2024-06-20T15:01:58","modified_gmt":"2024-06-20T13:01:58","slug":"yuvarlatilmis-agizli-sise-n-11-116x320-mm-11-ml-konik-yuvarlak-taban-seffaf","status":"publish","type":"product","link":"https:\/\/develop.eam-scientific.com\/tr\/produkt\/yuvarlatilmis-agizli-sise-n-11-116x320-mm-11-ml-konik-yuvarlak-taban-seffaf\/","title":{"rendered":"yuvarlat\u0131lm\u0131\u015f a\u011f\u0131zl\u0131 \u015fi\u015fe, N 11, 11,6&#215;32,0 mm, 1,1 mL, konik + yuvarlak taban, \u015feffaf"},"content":{"rendered":"<p>Yuvarlak cam taban\u0131 nedeniyle, bu mikro \u015fi\u015feler otomatik \u00f6rnekleyicide \u00e7al\u0131\u015ft\u0131rmak i\u00e7in bir adapt\u00f6r gerektirmez.<\/p>\n","protected":false},"excerpt":{"rendered":"<p>Yuvarlak cam taban\u0131 nedeniyle, bu mikro \u015fi\u015feler otomatik \u00f6rnekleyicide \u00e7al\u0131\u015ft\u0131rmak i\u00e7in bir adapt\u00f6r gerektirmez.<\/p>\n","protected":false},"featured_media":8698,"comment_status":"open","ping_status":"closed","template":"","meta":[],"product_cat":[67,99,92],"product_tag":[],"class_list":{"0":"post-12340","1":"product","2":"type-product","3":"status-publish","4":"has-post-thumbnail","6":"product_cat-kromatografi","7":"product_cat-siseler","8":"product_cat-vial-ve-kapaklar","10":"first","11":"instock","12":"shipping-taxable","13":"product-type-simple"},"_links":{"self":[{"href":"https:\/\/develop.eam-scientific.com\/tr\/wp-json\/wp\/v2\/product\/12340","targetHints":{"allow":["GET"]}}],"collection":[{"href":"https:\/\/develop.eam-scientific.com\/tr\/wp-json\/wp\/v2\/product"}],"about":[{"href":"https:\/\/develop.eam-scientific.com\/tr\/wp-json\/wp\/v2\/types\/product"}],"replies":[{"embeddable":true,"href":"https:\/\/develop.eam-scientific.com\/tr\/wp-json\/wp\/v2\/comments?post=12340"}],"wp:featuredmedia":[{"embeddable":true,"href":"https:\/\/develop.eam-scientific.com\/tr\/wp-json\/wp\/v2\/media\/8698"}],"wp:attachment":[{"href":"https:\/\/develop.eam-scientific.com\/tr\/wp-json\/wp\/v2\/media?parent=12340"}],"wp:term":[{"taxonomy":"product_cat","embeddable":true,"href":"https:\/\/develop.eam-scientific.com\/tr\/wp-json\/wp\/v2\/product_cat?post=12340"},{"taxonomy":"product_tag","embeddable":true,"href":"https:\/\/develop.eam-scientific.com\/tr\/wp-json\/wp\/v2\/product_tag?post=12340"}],"curies":[{"name":"wp","href":"https:\/\/api.w.org\/{rel}","templated":true}]}}