{"id":12341,"date":"2024-06-20T15:01:58","date_gmt":"2024-06-20T13:01:58","guid":{"rendered":"http:\/\/develop.eam-scientific.com\/produkt\/citcitli-halka-haddelenmis-agizli-sise-n-11-116x320-mm-03-ml-ic-koni-pp-kahverengi\/"},"modified":"2024-06-20T15:01:58","modified_gmt":"2024-06-20T13:01:58","slug":"citcitli-halka-haddelenmis-agizli-sise-n-11-116x320-mm-03-ml-ic-koni-pp-kahverengi","status":"publish","type":"product","link":"https:\/\/develop.eam-scientific.com\/tr\/produkt\/citcitli-halka-haddelenmis-agizli-sise-n-11-116x320-mm-03-ml-ic-koni-pp-kahverengi\/","title":{"rendered":"\u00c7\u0131t\u00e7\u0131tl\u0131 halka\/haddelenmi\u015f a\u011f\u0131zl\u0131 \u015fi\u015fe, N 11, 11,6&#215;32,0 mm, 0,3 mL, i\u00e7 koni, PP kahverengi"},"content":{"rendered":"<p>Plastik \u015fi\u015feler IC&#8217;de, a\u011f\u0131r metal analizi i\u00e7in, polar (\u00f6rn. proteinler) veya pH&#8217;a duyarl\u0131 numuneler ve AAS, CE uygulamalar\u0131 i\u00e7in kullan\u0131l\u0131r. PFAS analizi i\u00e7in kapak 702403 ile birlikte \u00f6nerilir.<\/p>\n","protected":false},"excerpt":{"rendered":"<p>Plastik \u015fi\u015feler IC&#8217;de, a\u011f\u0131r metal analizi i\u00e7in, polar (\u00f6rn. proteinler) veya pH&#8217;a duyarl\u0131 numuneler ve AAS, CE uygulamalar\u0131 i\u00e7in kullan\u0131l\u0131r. PFAS analizi i\u00e7in kapak 702403 ile birlikte \u00f6nerilir.<\/p>\n","protected":false},"featured_media":8692,"comment_status":"open","ping_status":"closed","template":"","meta":[],"product_cat":[67,99,92],"product_tag":[],"class_list":{"0":"post-12341","1":"product","2":"type-product","3":"status-publish","4":"has-post-thumbnail","6":"product_cat-kromatografi","7":"product_cat-siseler","8":"product_cat-vial-ve-kapaklar","10":"first","11":"instock","12":"shipping-taxable","13":"product-type-simple"},"_links":{"self":[{"href":"https:\/\/develop.eam-scientific.com\/tr\/wp-json\/wp\/v2\/product\/12341","targetHints":{"allow":["GET"]}}],"collection":[{"href":"https:\/\/develop.eam-scientific.com\/tr\/wp-json\/wp\/v2\/product"}],"about":[{"href":"https:\/\/develop.eam-scientific.com\/tr\/wp-json\/wp\/v2\/types\/product"}],"replies":[{"embeddable":true,"href":"https:\/\/develop.eam-scientific.com\/tr\/wp-json\/wp\/v2\/comments?post=12341"}],"wp:featuredmedia":[{"embeddable":true,"href":"https:\/\/develop.eam-scientific.com\/tr\/wp-json\/wp\/v2\/media\/8692"}],"wp:attachment":[{"href":"https:\/\/develop.eam-scientific.com\/tr\/wp-json\/wp\/v2\/media?parent=12341"}],"wp:term":[{"taxonomy":"product_cat","embeddable":true,"href":"https:\/\/develop.eam-scientific.com\/tr\/wp-json\/wp\/v2\/product_cat?post=12341"},{"taxonomy":"product_tag","embeddable":true,"href":"https:\/\/develop.eam-scientific.com\/tr\/wp-json\/wp\/v2\/product_tag?post=12341"}],"curies":[{"name":"wp","href":"https:\/\/api.w.org\/{rel}","templated":true}]}}