{"id":12350,"date":"2024-06-20T15:01:58","date_gmt":"2024-06-20T13:01:58","guid":{"rendered":"http:\/\/develop.eam-scientific.com\/produkt\/gecmeli-halka-rulo-jant-n-11116x320-mm-pp-tr-integr-02-ml-cam-ins-silan\/"},"modified":"2024-06-28T10:14:04","modified_gmt":"2024-06-28T08:14:04","slug":"gecmeli-halka-rulo-jant-n-11116x320-mm-pp-tr-integr-02-ml-cam-ins-silan","status":"publish","type":"product","link":"https:\/\/develop.eam-scientific.com\/tr\/produkt\/gecmeli-halka-rulo-jant-n-11116x320-mm-pp-tr-integr-02-ml-cam-ins-silan\/","title":{"rendered":"Ge\u00e7meli halka\/haddeleme kenar\u0131 tutucu, N 11, 11,6&#215;32,0 mm, PP tr., entegre 0,2 mL cam u\u00e7"},"content":{"rendered":"<p>Kal\u0131c\u0131 olarak entegre edilmi\u015f cam ek par\u00e7al\u0131 plastik \u015fi\u015feler, kal\u0131c\u0131 olarak entegre edilmi\u015f ek par\u00e7al\u0131 cam \u015fi\u015felerin daha sa\u011flam ve uygun maliyetli versiyonudur.<\/p>\n","protected":false},"excerpt":{"rendered":"<p>Kal\u0131c\u0131 olarak entegre edilmi\u015f cam ek par\u00e7al\u0131 plastik \u015fi\u015feler, kal\u0131c\u0131 olarak entegre edilmi\u015f ek par\u00e7al\u0131 cam \u015fi\u015felerin daha sa\u011flam ve uygun maliyetli versiyonudur.<\/p>\n","protected":false},"featured_media":15683,"comment_status":"open","ping_status":"closed","template":"","meta":[],"product_cat":[67,99,92],"product_tag":[],"class_list":{"0":"post-12350","1":"product","2":"type-product","3":"status-publish","4":"has-post-thumbnail","6":"product_cat-kromatografi","7":"product_cat-siseler","8":"product_cat-vial-ve-kapaklar","10":"first","11":"instock","12":"shipping-taxable","13":"product-type-simple"},"_links":{"self":[{"href":"https:\/\/develop.eam-scientific.com\/tr\/wp-json\/wp\/v2\/product\/12350","targetHints":{"allow":["GET"]}}],"collection":[{"href":"https:\/\/develop.eam-scientific.com\/tr\/wp-json\/wp\/v2\/product"}],"about":[{"href":"https:\/\/develop.eam-scientific.com\/tr\/wp-json\/wp\/v2\/types\/product"}],"replies":[{"embeddable":true,"href":"https:\/\/develop.eam-scientific.com\/tr\/wp-json\/wp\/v2\/comments?post=12350"}],"wp:featuredmedia":[{"embeddable":true,"href":"https:\/\/develop.eam-scientific.com\/tr\/wp-json\/wp\/v2\/media\/15683"}],"wp:attachment":[{"href":"https:\/\/develop.eam-scientific.com\/tr\/wp-json\/wp\/v2\/media?parent=12350"}],"wp:term":[{"taxonomy":"product_cat","embeddable":true,"href":"https:\/\/develop.eam-scientific.com\/tr\/wp-json\/wp\/v2\/product_cat?post=12350"},{"taxonomy":"product_tag","embeddable":true,"href":"https:\/\/develop.eam-scientific.com\/tr\/wp-json\/wp\/v2\/product_tag?post=12350"}],"curies":[{"name":"wp","href":"https:\/\/api.w.org\/{rel}","templated":true}]}}