{"id":12351,"date":"2024-06-20T15:01:37","date_gmt":"2024-06-20T13:01:37","guid":{"rendered":"http:\/\/develop.eam-scientific.com\/produkt\/disli-sise-n-9-702284-takili-konik-uclu-702813\/"},"modified":"2024-06-20T15:01:37","modified_gmt":"2024-06-20T13:01:37","slug":"disli-sise-n-9-702284-takili-konik-uclu-702813","status":"publish","type":"product","link":"https:\/\/develop.eam-scientific.com\/tr\/produkt\/disli-sise-n-9-702284-takili-konik-uclu-702813\/","title":{"rendered":"Di\u015fli \u015fi\u015fe, N 9 (702284), tak\u0131l\u0131 konik u\u00e7lu (702813)"},"content":{"rendered":"<p>\u00d6nceden monte edilmi\u015f kesici u\u00e7lar, kal\u0131c\u0131 olarak entegre edilmi\u015f mikro kesici u\u00e7lara g\u00f6re zaman kazand\u0131ran, kullan\u0131ma haz\u0131r bir alternatiftir.<\/p>\n","protected":false},"excerpt":{"rendered":"<p>\u00d6nceden monte edilmi\u015f kesici u\u00e7lar, kal\u0131c\u0131 olarak entegre edilmi\u015f mikro kesici u\u00e7lara g\u00f6re zaman kazand\u0131ran, kullan\u0131ma haz\u0131r bir alternatiftir.<\/p>\n","protected":false},"featured_media":8682,"comment_status":"open","ping_status":"closed","template":"","meta":[],"product_cat":[67,99,92],"product_tag":[],"class_list":{"0":"post-12351","1":"product","2":"type-product","3":"status-publish","4":"has-post-thumbnail","6":"product_cat-kromatografi","7":"product_cat-siseler","8":"product_cat-vial-ve-kapaklar","10":"first","11":"instock","12":"shipping-taxable","13":"product-type-simple"},"_links":{"self":[{"href":"https:\/\/develop.eam-scientific.com\/tr\/wp-json\/wp\/v2\/product\/12351","targetHints":{"allow":["GET"]}}],"collection":[{"href":"https:\/\/develop.eam-scientific.com\/tr\/wp-json\/wp\/v2\/product"}],"about":[{"href":"https:\/\/develop.eam-scientific.com\/tr\/wp-json\/wp\/v2\/types\/product"}],"replies":[{"embeddable":true,"href":"https:\/\/develop.eam-scientific.com\/tr\/wp-json\/wp\/v2\/comments?post=12351"}],"wp:featuredmedia":[{"embeddable":true,"href":"https:\/\/develop.eam-scientific.com\/tr\/wp-json\/wp\/v2\/media\/8682"}],"wp:attachment":[{"href":"https:\/\/develop.eam-scientific.com\/tr\/wp-json\/wp\/v2\/media?parent=12351"}],"wp:term":[{"taxonomy":"product_cat","embeddable":true,"href":"https:\/\/develop.eam-scientific.com\/tr\/wp-json\/wp\/v2\/product_cat?post=12351"},{"taxonomy":"product_tag","embeddable":true,"href":"https:\/\/develop.eam-scientific.com\/tr\/wp-json\/wp\/v2\/product_tag?post=12351"}],"curies":[{"name":"wp","href":"https:\/\/api.w.org\/{rel}","templated":true}]}}