{"id":12390,"date":"2024-06-20T15:01:14","date_gmt":"2024-06-20T13:01:14","guid":{"rendered":"http:\/\/develop.eam-scientific.com\/produkt\/multi-96-filtre-plakalari-chromafil-ptfe-yaklasik-8-mm-1-%c2%b5m\/"},"modified":"2024-06-20T15:01:14","modified_gmt":"2024-06-20T13:01:14","slug":"multi-96-filtre-plakalari-chromafil-ptfe-yaklasik-8-mm-1-%c2%b5m","status":"publish","type":"product","link":"https:\/\/develop.eam-scientific.com\/tr\/produkt\/multi-96-filtre-plakalari-chromafil-ptfe-yaklasik-8-mm-1-%c2%b5m\/","title":{"rendered":"MULTI 96 filtre plakalar\u0131, CHROMAFIL PTFE, yakla\u015f\u0131k 8 mm, 1 \u00b5m"},"content":{"rendered":"<p>96 numunenin e\u015f zamanl\u0131 filtrasyonu i\u00e7in politetrafloroetilen membranl\u0131 96 kuyulu polipropilen plakalar. \u00c7ok kanall\u0131 pipetlerin kullan\u0131lmas\u0131 s\u0131v\u0131 transferini kolayla\u015ft\u0131r\u0131r. Piyasada bulunan t\u00fcm otomasyon ve robot sistemlerine kolayca uyarlanabilir. Minimum \u00f6l\u00fc hacim (\u2264 40 \u00b5L).<\/p>\n","protected":false},"excerpt":{"rendered":"<p>96 numunenin e\u015f zamanl\u0131 filtrasyonu i\u00e7in politetrafloroetilen membranl\u0131 96 kuyulu polipropilen plakalar. \u00c7ok kanall\u0131 pipetlerin kullan\u0131lmas\u0131 s\u0131v\u0131 transferini kolayla\u015ft\u0131r\u0131r. Piyasada bulunan t\u00fcm otomasyon ve robot sistemlerine kolayca uyarlanabilir. Minimum \u00f6l\u00fc hacim (\u2264 40 \u00b5L).<\/p>\n","protected":false},"featured_media":8648,"comment_status":"open","ping_status":"closed","template":"","meta":[],"product_cat":[101,67,84],"product_tag":[],"class_list":{"0":"post-12390","1":"product","2":"type-product","3":"status-publish","4":"has-post-thumbnail","6":"product_cat-filtrasyon-coklu-96-plakalar","7":"product_cat-kromatografi","8":"product_cat-oernek-filtreleme","10":"first","11":"instock","12":"shipping-taxable","13":"product-type-simple"},"_links":{"self":[{"href":"https:\/\/develop.eam-scientific.com\/tr\/wp-json\/wp\/v2\/product\/12390","targetHints":{"allow":["GET"]}}],"collection":[{"href":"https:\/\/develop.eam-scientific.com\/tr\/wp-json\/wp\/v2\/product"}],"about":[{"href":"https:\/\/develop.eam-scientific.com\/tr\/wp-json\/wp\/v2\/types\/product"}],"replies":[{"embeddable":true,"href":"https:\/\/develop.eam-scientific.com\/tr\/wp-json\/wp\/v2\/comments?post=12390"}],"wp:featuredmedia":[{"embeddable":true,"href":"https:\/\/develop.eam-scientific.com\/tr\/wp-json\/wp\/v2\/media\/8648"}],"wp:attachment":[{"href":"https:\/\/develop.eam-scientific.com\/tr\/wp-json\/wp\/v2\/media?parent=12390"}],"wp:term":[{"taxonomy":"product_cat","embeddable":true,"href":"https:\/\/develop.eam-scientific.com\/tr\/wp-json\/wp\/v2\/product_cat?post=12390"},{"taxonomy":"product_tag","embeddable":true,"href":"https:\/\/develop.eam-scientific.com\/tr\/wp-json\/wp\/v2\/product_tag?post=12390"}],"curies":[{"name":"wp","href":"https:\/\/api.w.org\/{rel}","templated":true}]}}