{"id":12391,"date":"2024-06-20T15:01:14","date_gmt":"2024-06-20T13:01:14","guid":{"rendered":"http:\/\/develop.eam-scientific.com\/produkt\/filtre-kartusu-chromafil-gf-3-ml-yaklasik-8-mm-1-%c2%b5m\/"},"modified":"2024-06-28T10:14:08","modified_gmt":"2024-06-28T08:14:08","slug":"filtre-kartusu-chromafil-gf-3-ml-yaklasik-8-mm-1-%c2%b5m","status":"publish","type":"product","link":"https:\/\/develop.eam-scientific.com\/tr\/produkt\/filtre-kartusu-chromafil-gf-3-ml-yaklasik-8-mm-1-%c2%b5m\/","title":{"rendered":"Filtre kartu\u015fu, CHROMAFIL GF, 6 mL, yakla\u015f\u0131k 12 mm, 1 \u00b5m"},"content":{"rendered":"<p>Nominal g\u00f6zenek boyutu 1 \u00b5m olan cam elyaf membranl\u0131 filtrasyon kartu\u015fu ve \u00e7e\u015fitli kartu\u015f hacimleri.<\/p>\n","protected":false},"excerpt":{"rendered":"<p>Nominal g\u00f6zenek boyutu 1 \u00b5m olan cam elyaf membranl\u0131 filtrasyon kartu\u015fu ve \u00e7e\u015fitli kartu\u015f hacimleri.<\/p>\n","protected":false},"featured_media":15674,"comment_status":"open","ping_status":"closed","template":"","meta":[],"product_cat":[103,67,84],"product_tag":[],"class_list":{"0":"post-12391","1":"product","2":"type-product","3":"status-publish","4":"has-post-thumbnail","6":"product_cat-filtrasyon-kartuslari","7":"product_cat-kromatografi","8":"product_cat-oernek-filtreleme","10":"first","11":"instock","12":"shipping-taxable","13":"product-type-simple"},"_links":{"self":[{"href":"https:\/\/develop.eam-scientific.com\/tr\/wp-json\/wp\/v2\/product\/12391","targetHints":{"allow":["GET"]}}],"collection":[{"href":"https:\/\/develop.eam-scientific.com\/tr\/wp-json\/wp\/v2\/product"}],"about":[{"href":"https:\/\/develop.eam-scientific.com\/tr\/wp-json\/wp\/v2\/types\/product"}],"replies":[{"embeddable":true,"href":"https:\/\/develop.eam-scientific.com\/tr\/wp-json\/wp\/v2\/comments?post=12391"}],"wp:featuredmedia":[{"embeddable":true,"href":"https:\/\/develop.eam-scientific.com\/tr\/wp-json\/wp\/v2\/media\/15674"}],"wp:attachment":[{"href":"https:\/\/develop.eam-scientific.com\/tr\/wp-json\/wp\/v2\/media?parent=12391"}],"wp:term":[{"taxonomy":"product_cat","embeddable":true,"href":"https:\/\/develop.eam-scientific.com\/tr\/wp-json\/wp\/v2\/product_cat?post=12391"},{"taxonomy":"product_tag","embeddable":true,"href":"https:\/\/develop.eam-scientific.com\/tr\/wp-json\/wp\/v2\/product_tag?post=12391"}],"curies":[{"name":"wp","href":"https:\/\/api.w.org\/{rel}","templated":true}]}}