{"id":12404,"date":"2024-06-20T15:00:25","date_gmt":"2024-06-20T13:00:25","guid":{"rendered":"http:\/\/develop.eam-scientific.com\/produkt\/siringa-filtreler-etiketli-chromafil-xtra-rc-02-%c2%b5m\/"},"modified":"2024-06-20T15:00:25","modified_gmt":"2024-06-20T13:00:25","slug":"siringa-filtreler-etiketli-chromafil-xtra-rc-02-%c2%b5m","status":"publish","type":"product","link":"https:\/\/develop.eam-scientific.com\/tr\/produkt\/siringa-filtreler-etiketli-chromafil-xtra-rc-02-%c2%b5m\/","title":{"rendered":"\u015e\u0131r\u0131nga filtreler, etiketli, CHROMAFIL Xtra RC, 0,2 \u00b5m"},"content":{"rendered":"<p>Rejenere sel\u00fcloz, \u015f\u0131r\u0131nga filtrenin i\u00e7inde membran malzemesi olarak kullan\u0131l\u0131r. Hidrofilik RC membran\u0131, sulu ve organik-sulu s\u0131v\u0131lar, yani polar ve orta polar \u00f6rnek \u00e7\u00f6zeltileri i\u00e7in uygundur ve proteinler i\u00e7in d\u00fc\u015f\u00fck ba\u011flama kapasitesine sahiptir. Metot validasyonu ve sertifikasyonu i\u00e7in etiketlenmi\u015ftir. T\u00fcm CHROMAFIL filtreleri otoklavlanabilir (121 \u00b0C ve 30 dakika boyunca 1,1 bar)!  <\/p>\n","protected":false},"excerpt":{"rendered":"<p>Rejenere sel\u00fcloz, \u015f\u0131r\u0131nga filtrenin i\u00e7inde membran malzemesi olarak kullan\u0131l\u0131r. Hidrofilik RC membran\u0131, sulu ve organik-sulu s\u0131v\u0131lar, yani polar ve orta polar \u00f6rnek \u00e7\u00f6zeltileri i\u00e7in uygundur ve proteinler i\u00e7in d\u00fc\u015f\u00fck ba\u011flama kapasitesine sahiptir. Metot validasyonu ve sertifikasyonu i\u00e7in etiketlenmi\u015ftir. T\u00fcm CHROMAFIL filtreleri otoklavlanabilir (121 \u00b0C ve 30 dakika boyunca 1,1 bar)!<\/p>\n","protected":false},"featured_media":8636,"comment_status":"open","ping_status":"closed","template":"","meta":[],"product_cat":[67,84,85],"product_tag":[],"class_list":{"0":"post-12404","1":"product","2":"type-product","3":"status-publish","4":"has-post-thumbnail","6":"product_cat-kromatografi","7":"product_cat-oernek-filtreleme","8":"product_cat-siringa-filtresi","10":"first","11":"instock","12":"shipping-taxable","13":"product-type-simple"},"_links":{"self":[{"href":"https:\/\/develop.eam-scientific.com\/tr\/wp-json\/wp\/v2\/product\/12404","targetHints":{"allow":["GET"]}}],"collection":[{"href":"https:\/\/develop.eam-scientific.com\/tr\/wp-json\/wp\/v2\/product"}],"about":[{"href":"https:\/\/develop.eam-scientific.com\/tr\/wp-json\/wp\/v2\/types\/product"}],"replies":[{"embeddable":true,"href":"https:\/\/develop.eam-scientific.com\/tr\/wp-json\/wp\/v2\/comments?post=12404"}],"wp:featuredmedia":[{"embeddable":true,"href":"https:\/\/develop.eam-scientific.com\/tr\/wp-json\/wp\/v2\/media\/8636"}],"wp:attachment":[{"href":"https:\/\/develop.eam-scientific.com\/tr\/wp-json\/wp\/v2\/media?parent=12404"}],"wp:term":[{"taxonomy":"product_cat","embeddable":true,"href":"https:\/\/develop.eam-scientific.com\/tr\/wp-json\/wp\/v2\/product_cat?post=12404"},{"taxonomy":"product_tag","embeddable":true,"href":"https:\/\/develop.eam-scientific.com\/tr\/wp-json\/wp\/v2\/product_tag?post=12404"}],"curies":[{"name":"wp","href":"https:\/\/api.w.org\/{rel}","templated":true}]}}