{"id":12407,"date":"2024-06-20T15:00:04","date_gmt":"2024-06-20T13:00:04","guid":{"rendered":"http:\/\/develop.eam-scientific.com\/produkt\/siringa-filtresi-renk-kodlu-chromafil-mv-045-%c2%b5m\/"},"modified":"2024-06-20T15:00:04","modified_gmt":"2024-06-20T13:00:04","slug":"siringa-filtresi-renk-kodlu-chromafil-mv-045-%c2%b5m","status":"publish","type":"product","link":"https:\/\/develop.eam-scientific.com\/tr\/produkt\/siringa-filtresi-renk-kodlu-chromafil-mv-045-%c2%b5m\/","title":{"rendered":"\u015e\u0131r\u0131nga filtresi, renk kodlu, CHROMAFIL MV, 0,45 \u00b5m"},"content":{"rendered":"<p>\u015e\u0131r\u0131nga filtrenin i\u00e7inde membran malzemesi olarak sel\u00fcloz kar\u0131\u015f\u0131ml\u0131 bir ester kullan\u0131l\u0131r. Hidrofilik MV membran\u0131 sulu veya polar \u00e7\u00f6zeltiler i\u00e7in uygundur. T\u00fcm CHROMAFIL filtreleri otoklavlanabilir (121 \u00b0C ve 30 dakika boyunca 1,1 bar)!  <\/p>\n","protected":false},"excerpt":{"rendered":"<p>\u015e\u0131r\u0131nga filtrenin i\u00e7inde membran malzemesi olarak sel\u00fcloz kar\u0131\u015f\u0131ml\u0131 bir ester kullan\u0131l\u0131r. Hidrofilik MV membran\u0131 sulu veya polar \u00e7\u00f6zeltiler i\u00e7in uygundur. T\u00fcm CHROMAFIL filtreleri otoklavlanabilir (121 \u00b0C ve 30 dakika boyunca 1,1 bar)!<\/p>\n","protected":false},"featured_media":15617,"comment_status":"open","ping_status":"closed","template":"","meta":[],"product_cat":[67,84,85],"product_tag":[],"class_list":{"0":"post-12407","1":"product","2":"type-product","3":"status-publish","4":"has-post-thumbnail","6":"product_cat-kromatografi","7":"product_cat-oernek-filtreleme","8":"product_cat-siringa-filtresi","10":"first","11":"instock","12":"shipping-taxable","13":"product-type-simple"},"_links":{"self":[{"href":"https:\/\/develop.eam-scientific.com\/tr\/wp-json\/wp\/v2\/product\/12407","targetHints":{"allow":["GET"]}}],"collection":[{"href":"https:\/\/develop.eam-scientific.com\/tr\/wp-json\/wp\/v2\/product"}],"about":[{"href":"https:\/\/develop.eam-scientific.com\/tr\/wp-json\/wp\/v2\/types\/product"}],"replies":[{"embeddable":true,"href":"https:\/\/develop.eam-scientific.com\/tr\/wp-json\/wp\/v2\/comments?post=12407"}],"wp:featuredmedia":[{"embeddable":true,"href":"https:\/\/develop.eam-scientific.com\/tr\/wp-json\/wp\/v2\/media\/15617"}],"wp:attachment":[{"href":"https:\/\/develop.eam-scientific.com\/tr\/wp-json\/wp\/v2\/media?parent=12407"}],"wp:term":[{"taxonomy":"product_cat","embeddable":true,"href":"https:\/\/develop.eam-scientific.com\/tr\/wp-json\/wp\/v2\/product_cat?post=12407"},{"taxonomy":"product_tag","embeddable":true,"href":"https:\/\/develop.eam-scientific.com\/tr\/wp-json\/wp\/v2\/product_tag?post=12407"}],"curies":[{"name":"wp","href":"https:\/\/api.w.org\/{rel}","templated":true}]}}