{"id":12413,"date":"2024-06-20T15:00:04","date_gmt":"2024-06-20T13:00:04","guid":{"rendered":"http:\/\/develop.eam-scientific.com\/produkt\/siringa-filtreleri-etiketli-chromafil-xtra-ptfe-045-%c2%b5m\/"},"modified":"2024-06-20T15:00:04","modified_gmt":"2024-06-20T13:00:04","slug":"siringa-filtreleri-etiketli-chromafil-xtra-ptfe-045-%c2%b5m","status":"publish","type":"product","link":"https:\/\/develop.eam-scientific.com\/tr\/produkt\/siringa-filtreleri-etiketli-chromafil-xtra-ptfe-045-%c2%b5m\/","title":{"rendered":"\u015e\u0131r\u0131nga filtreleri, etiketli, CHROMAFIL Xtra PTFE, 0,45 \u00b5m"},"content":{"rendered":"<p>\u015e\u0131r\u0131nga filtresinin i\u00e7inde membran malzemesi olarak politetrafloroetilen kullan\u0131l\u0131r. Hidrofobik PTFE diyafram, her t\u00fcrl\u00fc solventin yan\u0131 s\u0131ra asitlere ve bazlara kar\u015f\u0131 son derece dayan\u0131kl\u0131d\u0131r. Alkol ve ard\u0131ndan su ile durulama, ba\u015flang\u0131\u00e7ta hidrofobik olan membran\u0131 daha hidrofilik hale getirir. T\u00fcm CHROMAFIL filtreleri otoklavlanabilir (121 \u00b0C ve 30 dakika boyunca 1,1 bar)!  <\/p>\n","protected":false},"excerpt":{"rendered":"<p>\u015e\u0131r\u0131nga filtresinin i\u00e7inde membran malzemesi olarak politetrafloroetilen kullan\u0131l\u0131r. Hidrofobik PTFE diyafram, her t\u00fcrl\u00fc solventin yan\u0131 s\u0131ra asitlere ve bazlara kar\u015f\u0131 son derece dayan\u0131kl\u0131d\u0131r. Alkol ve ard\u0131ndan su ile durulama, ba\u015flang\u0131\u00e7ta hidrofobik olan membran\u0131 daha hidrofilik hale getirir. T\u00fcm CHROMAFIL filtreleri otoklavlanabilir (121 \u00b0C ve 30 dakika boyunca 1,1 bar)!<\/p>\n","protected":false},"featured_media":15574,"comment_status":"open","ping_status":"closed","template":"","meta":[],"product_cat":[67,84,85],"product_tag":[],"class_list":{"0":"post-12413","1":"product","2":"type-product","3":"status-publish","4":"has-post-thumbnail","6":"product_cat-kromatografi","7":"product_cat-oernek-filtreleme","8":"product_cat-siringa-filtresi","10":"first","11":"instock","12":"shipping-taxable","13":"product-type-simple"},"_links":{"self":[{"href":"https:\/\/develop.eam-scientific.com\/tr\/wp-json\/wp\/v2\/product\/12413","targetHints":{"allow":["GET"]}}],"collection":[{"href":"https:\/\/develop.eam-scientific.com\/tr\/wp-json\/wp\/v2\/product"}],"about":[{"href":"https:\/\/develop.eam-scientific.com\/tr\/wp-json\/wp\/v2\/types\/product"}],"replies":[{"embeddable":true,"href":"https:\/\/develop.eam-scientific.com\/tr\/wp-json\/wp\/v2\/comments?post=12413"}],"wp:featuredmedia":[{"embeddable":true,"href":"https:\/\/develop.eam-scientific.com\/tr\/wp-json\/wp\/v2\/media\/15574"}],"wp:attachment":[{"href":"https:\/\/develop.eam-scientific.com\/tr\/wp-json\/wp\/v2\/media?parent=12413"}],"wp:term":[{"taxonomy":"product_cat","embeddable":true,"href":"https:\/\/develop.eam-scientific.com\/tr\/wp-json\/wp\/v2\/product_cat?post=12413"},{"taxonomy":"product_tag","embeddable":true,"href":"https:\/\/develop.eam-scientific.com\/tr\/wp-json\/wp\/v2\/product_tag?post=12413"}],"curies":[{"name":"wp","href":"https:\/\/api.w.org\/{rel}","templated":true}]}}