{"id":12449,"date":"2024-06-20T14:59:42","date_gmt":"2024-06-20T12:59:42","guid":{"rendered":"http:\/\/develop.eam-scientific.com\/produkt\/siringa-filtreler-etiketli-chromafil-xtra-gf-1-%c2%b5m-2\/"},"modified":"2024-06-20T14:59:42","modified_gmt":"2024-06-20T12:59:42","slug":"siringa-filtreler-etiketli-chromafil-xtra-gf-1-%c2%b5m-2","status":"publish","type":"product","link":"https:\/\/develop.eam-scientific.com\/tr\/produkt\/siringa-filtreler-etiketli-chromafil-xtra-gf-1-%c2%b5m-2\/","title":{"rendered":"\u015e\u0131r\u0131nga filtreler, etiketli, CHROMAFIL Xtra GF, 1 \u00b5m"},"content":{"rendered":"<p>\u015e\u0131r\u0131nga filtrenin i\u00e7inde membran malzemesi olarak cam elyaf kullan\u0131lmaktad\u0131r. Hidrofilik GF membran\u0131, y\u00fcksek partik\u00fcl y\u00fck\u00fcne sahip \u00e7\u00f6zeltiler veya y\u00fcksek viskoziteli \u00e7\u00f6zeltiler (\u00f6rn. toprak numuneleri, fermantasyon suyu) i\u00e7in inert bir filtredir. Nominal 1 \u00b5m g\u00f6zenek boyutu, dar g\u00f6zenekli filtrelere g\u00f6re daha y\u00fcksek ak\u0131\u015f h\u0131zlar\u0131 sa\u011flar. Membran malzemesi CHROMAFIL Combi filtreler i\u00e7in \u00f6n filtre olarak da kullan\u0131l\u0131r; ana membran\u0131n t\u0131kanmas\u0131n\u0131 \u00f6nler. T\u00fcm CHROMAFIL filtreleri otoklavlanabilir (121 \u00b0C ve 30 dakika boyunca 1,1 bar)!  <\/p>\n","protected":false},"excerpt":{"rendered":"<p>\u015e\u0131r\u0131nga filtrenin i\u00e7inde membran malzemesi olarak cam elyaf kullan\u0131lmaktad\u0131r. Hidrofilik GF membran\u0131, y\u00fcksek partik\u00fcl y\u00fck\u00fcne sahip \u00e7\u00f6zeltiler veya y\u00fcksek viskoziteli \u00e7\u00f6zeltiler (\u00f6rn. toprak numuneleri, fermantasyon suyu) i\u00e7in inert bir filtredir. Nominal 1 \u00b5m g\u00f6zenek boyutu, dar g\u00f6zenekli filtrelere g\u00f6re daha y\u00fcksek ak\u0131\u015f h\u0131zlar\u0131 sa\u011flar. Membran malzemesi CHROMAFIL Combi filtreler i\u00e7in \u00f6n filtre olarak da kullan\u0131l\u0131r; [&hellip;]<\/p>\n","protected":false},"featured_media":15595,"comment_status":"open","ping_status":"closed","template":"","meta":[],"product_cat":[67,84,85],"product_tag":[],"class_list":{"0":"post-12449","1":"product","2":"type-product","3":"status-publish","4":"has-post-thumbnail","6":"product_cat-kromatografi","7":"product_cat-oernek-filtreleme","8":"product_cat-siringa-filtresi","10":"first","11":"instock","12":"shipping-taxable","13":"product-type-simple"},"_links":{"self":[{"href":"https:\/\/develop.eam-scientific.com\/tr\/wp-json\/wp\/v2\/product\/12449","targetHints":{"allow":["GET"]}}],"collection":[{"href":"https:\/\/develop.eam-scientific.com\/tr\/wp-json\/wp\/v2\/product"}],"about":[{"href":"https:\/\/develop.eam-scientific.com\/tr\/wp-json\/wp\/v2\/types\/product"}],"replies":[{"embeddable":true,"href":"https:\/\/develop.eam-scientific.com\/tr\/wp-json\/wp\/v2\/comments?post=12449"}],"wp:featuredmedia":[{"embeddable":true,"href":"https:\/\/develop.eam-scientific.com\/tr\/wp-json\/wp\/v2\/media\/15595"}],"wp:attachment":[{"href":"https:\/\/develop.eam-scientific.com\/tr\/wp-json\/wp\/v2\/media?parent=12449"}],"wp:term":[{"taxonomy":"product_cat","embeddable":true,"href":"https:\/\/develop.eam-scientific.com\/tr\/wp-json\/wp\/v2\/product_cat?post=12449"},{"taxonomy":"product_tag","embeddable":true,"href":"https:\/\/develop.eam-scientific.com\/tr\/wp-json\/wp\/v2\/product_tag?post=12449"}],"curies":[{"name":"wp","href":"https:\/\/api.w.org\/{rel}","templated":true}]}}