{"id":12458,"date":"2024-06-20T15:07:35","date_gmt":"2024-06-20T13:07:35","guid":{"rendered":"http:\/\/develop.eam-scientific.com\/produkt\/vidali-kapak-n-9-pp-siyah-delikli-kirmizi-kaucuk-fep-renksiz-10-mm\/"},"modified":"2024-06-20T15:07:35","modified_gmt":"2024-06-20T13:07:35","slug":"vidali-kapak-n-9-pp-siyah-delikli-kirmizi-kaucuk-fep-renksiz-10-mm","status":"publish","type":"product","link":"https:\/\/develop.eam-scientific.com\/tr\/produkt\/vidali-kapak-n-9-pp-siyah-delikli-kirmizi-kaucuk-fep-renksiz-10-mm\/","title":{"rendered":"Vidal\u0131 kapak, N 9, PP, siyah, delikli, k\u0131rm\u0131z\u0131 kau\u00e7uk\/FEP renksiz, 1,0 mm"},"content":{"rendered":"<p>Rutin analizler ve iyi bir fiyat-performans oran\u0131 i\u00e7in k\u0131rm\u0131z\u0131 kau\u00e7uk\/FEP septum ile kapatma. \u0130\u011fnenin kolay ve g\u00fcvenli penetrasyonu.<\/p>\n","protected":false},"excerpt":{"rendered":"<p>Rutin analizler ve iyi bir fiyat-performans oran\u0131 i\u00e7in k\u0131rm\u0131z\u0131 kau\u00e7uk\/FEP septum ile kapatma. \u0130\u011fnenin kolay ve g\u00fcvenli penetrasyonu.<\/p>\n","protected":false},"featured_media":9174,"comment_status":"open","ping_status":"closed","template":"","meta":[],"product_cat":[98,97,67,92],"product_tag":[],"class_list":{"0":"post-12458","1":"product","2":"type-product","3":"status-publish","4":"has-post-thumbnail","6":"product_cat-kapaklar-ve-septalar","7":"product_cat-kapanislar","8":"product_cat-kromatografi","9":"product_cat-vial-ve-kapaklar","11":"first","12":"instock","13":"shipping-taxable","14":"product-type-simple"},"_links":{"self":[{"href":"https:\/\/develop.eam-scientific.com\/tr\/wp-json\/wp\/v2\/product\/12458","targetHints":{"allow":["GET"]}}],"collection":[{"href":"https:\/\/develop.eam-scientific.com\/tr\/wp-json\/wp\/v2\/product"}],"about":[{"href":"https:\/\/develop.eam-scientific.com\/tr\/wp-json\/wp\/v2\/types\/product"}],"replies":[{"embeddable":true,"href":"https:\/\/develop.eam-scientific.com\/tr\/wp-json\/wp\/v2\/comments?post=12458"}],"wp:featuredmedia":[{"embeddable":true,"href":"https:\/\/develop.eam-scientific.com\/tr\/wp-json\/wp\/v2\/media\/9174"}],"wp:attachment":[{"href":"https:\/\/develop.eam-scientific.com\/tr\/wp-json\/wp\/v2\/media?parent=12458"}],"wp:term":[{"taxonomy":"product_cat","embeddable":true,"href":"https:\/\/develop.eam-scientific.com\/tr\/wp-json\/wp\/v2\/product_cat?post=12458"},{"taxonomy":"product_tag","embeddable":true,"href":"https:\/\/develop.eam-scientific.com\/tr\/wp-json\/wp\/v2\/product_tag?post=12458"}],"curies":[{"name":"wp","href":"https:\/\/api.w.org\/{rel}","templated":true}]}}