{"id":12462,"date":"2024-06-20T15:07:35","date_gmt":"2024-06-20T13:07:35","guid":{"rendered":"http:\/\/develop.eam-scientific.com\/produkt\/havsa-kapagi-n-20-alueminyum-delikli-silikon-mavisi-seffaf-ptfe-renksiz-3mm\/"},"modified":"2024-06-20T15:07:35","modified_gmt":"2024-06-20T13:07:35","slug":"havsa-kapagi-n-20-alueminyum-delikli-silikon-mavisi-seffaf-ptfe-renksiz-3mm","status":"publish","type":"product","link":"https:\/\/develop.eam-scientific.com\/tr\/produkt\/havsa-kapagi-n-20-alueminyum-delikli-silikon-mavisi-seffaf-ptfe-renksiz-3mm\/","title":{"rendered":"Hav\u015fa kapa\u011f\u0131, N 20, al\u00fcminyum, delikli, silikon mavisi \u015feffaf\/PTFE renksiz, 3mm"},"content":{"rendered":"<p>Kritik analizler i\u00e7in kolay n\u00fcfuz eden, y\u00fcksek safl\u0131kta silikon\/PTFE kapak. Y\u00fcksek s\u0131cakl\u0131klarda da kullan\u0131labilir. Headspace analizine ek olarak, bu kapak Metrohm cihazlar\u0131nda Karl Fischer titrasyonu i\u00e7in de kullan\u0131l\u0131r.<\/p>\n","protected":false},"excerpt":{"rendered":"<p>Kritik analizler i\u00e7in kolay n\u00fcfuz eden, y\u00fcksek safl\u0131kta silikon\/PTFE kapak. Y\u00fcksek s\u0131cakl\u0131klarda da kullan\u0131labilir. Headspace analizine ek olarak, bu kapak Metrohm cihazlar\u0131nda Karl Fischer titrasyonu i\u00e7in de kullan\u0131l\u0131r.<\/p>\n","protected":false},"featured_media":9172,"comment_status":"open","ping_status":"closed","template":"","meta":[],"product_cat":[98,97,67,92],"product_tag":[],"class_list":{"0":"post-12462","1":"product","2":"type-product","3":"status-publish","4":"has-post-thumbnail","6":"product_cat-kapaklar-ve-septalar","7":"product_cat-kapanislar","8":"product_cat-kromatografi","9":"product_cat-vial-ve-kapaklar","11":"first","12":"instock","13":"shipping-taxable","14":"product-type-simple"},"_links":{"self":[{"href":"https:\/\/develop.eam-scientific.com\/tr\/wp-json\/wp\/v2\/product\/12462","targetHints":{"allow":["GET"]}}],"collection":[{"href":"https:\/\/develop.eam-scientific.com\/tr\/wp-json\/wp\/v2\/product"}],"about":[{"href":"https:\/\/develop.eam-scientific.com\/tr\/wp-json\/wp\/v2\/types\/product"}],"replies":[{"embeddable":true,"href":"https:\/\/develop.eam-scientific.com\/tr\/wp-json\/wp\/v2\/comments?post=12462"}],"wp:featuredmedia":[{"embeddable":true,"href":"https:\/\/develop.eam-scientific.com\/tr\/wp-json\/wp\/v2\/media\/9172"}],"wp:attachment":[{"href":"https:\/\/develop.eam-scientific.com\/tr\/wp-json\/wp\/v2\/media?parent=12462"}],"wp:term":[{"taxonomy":"product_cat","embeddable":true,"href":"https:\/\/develop.eam-scientific.com\/tr\/wp-json\/wp\/v2\/product_cat?post=12462"},{"taxonomy":"product_tag","embeddable":true,"href":"https:\/\/develop.eam-scientific.com\/tr\/wp-json\/wp\/v2\/product_tag?post=12462"}],"curies":[{"name":"wp","href":"https:\/\/api.w.org\/{rel}","templated":true}]}}