{"id":12465,"date":"2024-06-20T15:07:35","date_gmt":"2024-06-20T13:07:35","guid":{"rendered":"http:\/\/develop.eam-scientific.com\/produkt\/vidali-kapak-n-24-pp-beyaz-kapali-butil-kirmizi-ptfe-gri-24-mm\/"},"modified":"2024-06-20T15:07:35","modified_gmt":"2024-06-20T13:07:35","slug":"vidali-kapak-n-24-pp-beyaz-kapali-butil-kirmizi-ptfe-gri-24-mm","status":"publish","type":"product","link":"https:\/\/develop.eam-scientific.com\/tr\/produkt\/vidali-kapak-n-24-pp-beyaz-kapali-butil-kirmizi-ptfe-gri-24-mm\/","title":{"rendered":"Vidal\u0131 kapak, N 24, PP, beyaz, kapal\u0131, butil k\u0131rm\u0131z\u0131\/PTFE gri, 2,4 mm"},"content":{"rendered":"<p>B\u00fctil\/PTFE septum ile numune saklama ve ta\u015f\u0131ma i\u00e7in kapatma.<\/p>\n","protected":false},"excerpt":{"rendered":"<p>B\u00fctil\/PTFE septum ile numune saklama ve ta\u015f\u0131ma i\u00e7in kapatma.<\/p>\n","protected":false},"featured_media":9170,"comment_status":"open","ping_status":"closed","template":"","meta":[],"product_cat":[98,97,67,92],"product_tag":[],"class_list":{"0":"post-12465","1":"product","2":"type-product","3":"status-publish","4":"has-post-thumbnail","6":"product_cat-kapaklar-ve-septalar","7":"product_cat-kapanislar","8":"product_cat-kromatografi","9":"product_cat-vial-ve-kapaklar","11":"first","12":"instock","13":"shipping-taxable","14":"product-type-simple"},"_links":{"self":[{"href":"https:\/\/develop.eam-scientific.com\/tr\/wp-json\/wp\/v2\/product\/12465","targetHints":{"allow":["GET"]}}],"collection":[{"href":"https:\/\/develop.eam-scientific.com\/tr\/wp-json\/wp\/v2\/product"}],"about":[{"href":"https:\/\/develop.eam-scientific.com\/tr\/wp-json\/wp\/v2\/types\/product"}],"replies":[{"embeddable":true,"href":"https:\/\/develop.eam-scientific.com\/tr\/wp-json\/wp\/v2\/comments?post=12465"}],"wp:featuredmedia":[{"embeddable":true,"href":"https:\/\/develop.eam-scientific.com\/tr\/wp-json\/wp\/v2\/media\/9170"}],"wp:attachment":[{"href":"https:\/\/develop.eam-scientific.com\/tr\/wp-json\/wp\/v2\/media?parent=12465"}],"wp:term":[{"taxonomy":"product_cat","embeddable":true,"href":"https:\/\/develop.eam-scientific.com\/tr\/wp-json\/wp\/v2\/product_cat?post=12465"},{"taxonomy":"product_tag","embeddable":true,"href":"https:\/\/develop.eam-scientific.com\/tr\/wp-json\/wp\/v2\/product_tag?post=12465"}],"curies":[{"name":"wp","href":"https:\/\/api.w.org\/{rel}","templated":true}]}}