{"id":12472,"date":"2024-06-20T15:07:35","date_gmt":"2024-06-20T13:07:35","guid":{"rendered":"http:\/\/develop.eam-scientific.com\/produkt\/havsa-kapagi-n-20-alueminyum-delik-butil-kirmizi-ptfe-gri-30-mm\/"},"modified":"2024-06-20T15:07:35","modified_gmt":"2024-06-20T13:07:35","slug":"havsa-kapagi-n-20-alueminyum-delik-butil-kirmizi-ptfe-gri-30-mm","status":"publish","type":"product","link":"https:\/\/develop.eam-scientific.com\/tr\/produkt\/havsa-kapagi-n-20-alueminyum-delik-butil-kirmizi-ptfe-gri-30-mm\/","title":{"rendered":"Hav\u015fa kapa\u011f\u0131, N 20, al\u00fcminyum, delik, butil k\u0131rm\u0131z\u0131\/PTFE gri, 3,0 mm"},"content":{"rendered":"<p>D\u00fc\u015f\u00fck ila orta s\u0131cakl\u0131k aral\u0131\u011f\u0131nda (yakla\u015f\u0131k 120 \u00b0C&#8217;ye kadar) kullan\u0131m i\u00e7in iyi analitik safl\u0131\u011fa sahip uygun maliyetli butil\/PTFE kapak<\/p>\n","protected":false},"excerpt":{"rendered":"<p>D\u00fc\u015f\u00fck ila orta s\u0131cakl\u0131k aral\u0131\u011f\u0131nda (yakla\u015f\u0131k 120 \u00b0C&#8217;ye kadar) kullan\u0131m i\u00e7in iyi analitik safl\u0131\u011fa sahip uygun maliyetli butil\/PTFE kapak<\/p>\n","protected":false},"featured_media":9162,"comment_status":"open","ping_status":"closed","template":"","meta":[],"product_cat":[98,97,67,92],"product_tag":[],"class_list":{"0":"post-12472","1":"product","2":"type-product","3":"status-publish","4":"has-post-thumbnail","6":"product_cat-kapaklar-ve-septalar","7":"product_cat-kapanislar","8":"product_cat-kromatografi","9":"product_cat-vial-ve-kapaklar","11":"first","12":"instock","13":"shipping-taxable","14":"product-type-simple"},"_links":{"self":[{"href":"https:\/\/develop.eam-scientific.com\/tr\/wp-json\/wp\/v2\/product\/12472","targetHints":{"allow":["GET"]}}],"collection":[{"href":"https:\/\/develop.eam-scientific.com\/tr\/wp-json\/wp\/v2\/product"}],"about":[{"href":"https:\/\/develop.eam-scientific.com\/tr\/wp-json\/wp\/v2\/types\/product"}],"replies":[{"embeddable":true,"href":"https:\/\/develop.eam-scientific.com\/tr\/wp-json\/wp\/v2\/comments?post=12472"}],"wp:featuredmedia":[{"embeddable":true,"href":"https:\/\/develop.eam-scientific.com\/tr\/wp-json\/wp\/v2\/media\/9162"}],"wp:attachment":[{"href":"https:\/\/develop.eam-scientific.com\/tr\/wp-json\/wp\/v2\/media?parent=12472"}],"wp:term":[{"taxonomy":"product_cat","embeddable":true,"href":"https:\/\/develop.eam-scientific.com\/tr\/wp-json\/wp\/v2\/product_cat?post=12472"},{"taxonomy":"product_tag","embeddable":true,"href":"https:\/\/develop.eam-scientific.com\/tr\/wp-json\/wp\/v2\/product_tag?post=12472"}],"curies":[{"name":"wp","href":"https:\/\/api.w.org\/{rel}","templated":true}]}}