{"id":12480,"date":"2024-06-20T15:07:35","date_gmt":"2024-06-20T13:07:35","guid":{"rendered":"http:\/\/develop.eam-scientific.com\/produkt\/flare-kapak-n-20-alueminyum-tam-yirtilabilir-septumsuz\/"},"modified":"2024-06-20T15:07:35","modified_gmt":"2024-06-20T13:07:35","slug":"flare-kapak-n-20-alueminyum-tam-yirtilabilir-septumsuz","status":"publish","type":"product","link":"https:\/\/develop.eam-scientific.com\/tr\/produkt\/flare-kapak-n-20-alueminyum-tam-yirtilabilir-septumsuz\/","title":{"rendered":"Flare kapak, N 20, al\u00fcminyum, tam y\u0131rt\u0131labilir, septumsuz"},"content":{"rendered":"<p>Tam y\u0131rtma kapaklar, kapa\u011f\u0131 merkezden kapak duvarlar\u0131n\u0131n \u00fczerine do\u011fru y\u0131rtarak a\u00e7ma pensesi yard\u0131m\u0131 olmadan \u00e7\u0131kar\u0131labilen geni\u015fletilmi\u015f kapaklard\u0131r.<\/p>\n","protected":false},"excerpt":{"rendered":"<p>Tam y\u0131rtma kapaklar, kapa\u011f\u0131 merkezden kapak duvarlar\u0131n\u0131n \u00fczerine do\u011fru y\u0131rtarak a\u00e7ma pensesi yard\u0131m\u0131 olmadan \u00e7\u0131kar\u0131labilen geni\u015fletilmi\u015f kapaklard\u0131r.<\/p>\n","protected":false},"featured_media":9158,"comment_status":"open","ping_status":"closed","template":"","meta":[],"product_cat":[98,97,67,92],"product_tag":[],"class_list":{"0":"post-12480","1":"product","2":"type-product","3":"status-publish","4":"has-post-thumbnail","6":"product_cat-kapaklar-ve-septalar","7":"product_cat-kapanislar","8":"product_cat-kromatografi","9":"product_cat-vial-ve-kapaklar","11":"first","12":"instock","13":"shipping-taxable","14":"product-type-simple"},"_links":{"self":[{"href":"https:\/\/develop.eam-scientific.com\/tr\/wp-json\/wp\/v2\/product\/12480","targetHints":{"allow":["GET"]}}],"collection":[{"href":"https:\/\/develop.eam-scientific.com\/tr\/wp-json\/wp\/v2\/product"}],"about":[{"href":"https:\/\/develop.eam-scientific.com\/tr\/wp-json\/wp\/v2\/types\/product"}],"replies":[{"embeddable":true,"href":"https:\/\/develop.eam-scientific.com\/tr\/wp-json\/wp\/v2\/comments?post=12480"}],"wp:featuredmedia":[{"embeddable":true,"href":"https:\/\/develop.eam-scientific.com\/tr\/wp-json\/wp\/v2\/media\/9158"}],"wp:attachment":[{"href":"https:\/\/develop.eam-scientific.com\/tr\/wp-json\/wp\/v2\/media?parent=12480"}],"wp:term":[{"taxonomy":"product_cat","embeddable":true,"href":"https:\/\/develop.eam-scientific.com\/tr\/wp-json\/wp\/v2\/product_cat?post=12480"},{"taxonomy":"product_tag","embeddable":true,"href":"https:\/\/develop.eam-scientific.com\/tr\/wp-json\/wp\/v2\/product_tag?post=12480"}],"curies":[{"name":"wp","href":"https:\/\/api.w.org\/{rel}","templated":true}]}}