{"id":12481,"date":"2024-06-20T15:07:35","date_gmt":"2024-06-20T13:07:35","guid":{"rendered":"http:\/\/develop.eam-scientific.com\/produkt\/genisletilmis-kapak-n20-alueminyum-patlama-kapagi-delik-silikon-w-ptfe-bej-3mm\/"},"modified":"2024-06-20T15:07:35","modified_gmt":"2024-06-20T13:07:35","slug":"genisletilmis-kapak-n20-alueminyum-patlama-kapagi-delik-silikon-w-ptfe-bej-3mm","status":"publish","type":"product","link":"https:\/\/develop.eam-scientific.com\/tr\/produkt\/genisletilmis-kapak-n20-alueminyum-patlama-kapagi-delik-silikon-w-ptfe-bej-3mm\/","title":{"rendered":"geni\u015fletilmi\u015f kapak, N20, al\u00fcminyum, patlama kapa\u011f\u0131, delik, silikon w.\/PTFE bej, 3mm"},"content":{"rendered":"<p>\u0130yi bir fiyat-performans oran\u0131na sahip kritik analizler i\u00e7in kolay n\u00fcfuz eden, y\u00fcksek safl\u0131kta silikon\/PTFE kapak. Y\u00fcksek s\u0131cakl\u0131klarda da kullan\u0131labilir. &nbsp;Kapa\u011f\u0131n \u00f6nceden belirlenmi\u015f k\u0131r\u0131lma hatlar\u0131n\u0131n tutucu a\u011flar\u0131, 3 bar&#8217;dan (\u00b1 0,5 bar) daha y\u00fcksek bir i\u00e7 silindir bas\u0131nc\u0131nda a\u00e7\u0131l\u0131r ve b\u00f6ylece fazla bas\u0131nc\u0131n kontroll\u00fc bir \u015fekilde d\u0131\u015far\u0131 \u00e7\u0131kmas\u0131na izin verir. Patlama ba\u015fl\u0131\u011f\u0131n\u0131n i\u015flevselli\u011fi haddelenmi\u015f kenar\u0131n tasar\u0131m\u0131na (e\u011fimli veya d\u00fcz haddelenmi\u015f kenar) ba\u011fl\u0131 de\u011fildir. Genellikle Agilent ve PerkinElmer cihazlar\u0131nda kullan\u0131l\u0131r.<\/p>\n","protected":false},"excerpt":{"rendered":"<p>\u0130yi bir fiyat-performans oran\u0131na sahip kritik analizler i\u00e7in kolay n\u00fcfuz eden, y\u00fcksek safl\u0131kta silikon\/PTFE kapak. Y\u00fcksek s\u0131cakl\u0131klarda da kullan\u0131labilir. &nbsp;Kapa\u011f\u0131n \u00f6nceden belirlenmi\u015f k\u0131r\u0131lma hatlar\u0131n\u0131n tutucu a\u011flar\u0131, 3 bar&#8217;dan (\u00b1 0,5 bar) daha y\u00fcksek bir i\u00e7 silindir bas\u0131nc\u0131nda a\u00e7\u0131l\u0131r ve b\u00f6ylece fazla bas\u0131nc\u0131n kontroll\u00fc bir \u015fekilde d\u0131\u015far\u0131 \u00e7\u0131kmas\u0131na izin verir. Patlama ba\u015fl\u0131\u011f\u0131n\u0131n i\u015flevselli\u011fi haddelenmi\u015f kenar\u0131n tasar\u0131m\u0131na [&hellip;]<\/p>\n","protected":false},"featured_media":9152,"comment_status":"open","ping_status":"closed","template":"","meta":[],"product_cat":[98,97,67,92],"product_tag":[],"class_list":{"0":"post-12481","1":"product","2":"type-product","3":"status-publish","4":"has-post-thumbnail","6":"product_cat-kapaklar-ve-septalar","7":"product_cat-kapanislar","8":"product_cat-kromatografi","9":"product_cat-vial-ve-kapaklar","11":"first","12":"instock","13":"shipping-taxable","14":"product-type-simple"},"_links":{"self":[{"href":"https:\/\/develop.eam-scientific.com\/tr\/wp-json\/wp\/v2\/product\/12481","targetHints":{"allow":["GET"]}}],"collection":[{"href":"https:\/\/develop.eam-scientific.com\/tr\/wp-json\/wp\/v2\/product"}],"about":[{"href":"https:\/\/develop.eam-scientific.com\/tr\/wp-json\/wp\/v2\/types\/product"}],"replies":[{"embeddable":true,"href":"https:\/\/develop.eam-scientific.com\/tr\/wp-json\/wp\/v2\/comments?post=12481"}],"wp:featuredmedia":[{"embeddable":true,"href":"https:\/\/develop.eam-scientific.com\/tr\/wp-json\/wp\/v2\/media\/9152"}],"wp:attachment":[{"href":"https:\/\/develop.eam-scientific.com\/tr\/wp-json\/wp\/v2\/media?parent=12481"}],"wp:term":[{"taxonomy":"product_cat","embeddable":true,"href":"https:\/\/develop.eam-scientific.com\/tr\/wp-json\/wp\/v2\/product_cat?post=12481"},{"taxonomy":"product_tag","embeddable":true,"href":"https:\/\/develop.eam-scientific.com\/tr\/wp-json\/wp\/v2\/product_tag?post=12481"}],"curies":[{"name":"wp","href":"https:\/\/api.w.org\/{rel}","templated":true}]}}