{"id":12486,"date":"2024-06-20T15:07:13","date_gmt":"2024-06-20T13:07:13","guid":{"rendered":"http:\/\/develop.eam-scientific.com\/produkt\/vidali-kapak-bagli-n-13-pp-beyaz-kapali-silikon-w-ptfe-mavi-1-3mm\/"},"modified":"2024-06-20T15:07:13","modified_gmt":"2024-06-20T13:07:13","slug":"vidali-kapak-bagli-n-13-pp-beyaz-kapali-silikon-w-ptfe-mavi-1-3mm","status":"publish","type":"product","link":"https:\/\/develop.eam-scientific.com\/tr\/produkt\/vidali-kapak-bagli-n-13-pp-beyaz-kapali-silikon-w-ptfe-mavi-1-3mm\/","title":{"rendered":"Vidal\u0131 kapak (ba\u011fl\u0131), N 13, PP, beyaz, kapal\u0131, silikon w.\/PTFE mavi, 1.3mm"},"content":{"rendered":"<p>Kapa\u011fa s\u0131k\u0131ca tutturulmu\u015f analitik olarak y\u00fcksek safl\u0131kta silikon\/PTFE septum ile numune saklama i\u00e7in kapatma.<\/p>\n","protected":false},"excerpt":{"rendered":"<p>Kapa\u011fa s\u0131k\u0131ca tutturulmu\u015f analitik olarak y\u00fcksek safl\u0131kta silikon\/PTFE septum ile numune saklama i\u00e7in kapatma.<\/p>\n","protected":false},"featured_media":9150,"comment_status":"open","ping_status":"closed","template":"","meta":[],"product_cat":[98,97,67,92],"product_tag":[],"class_list":{"0":"post-12486","1":"product","2":"type-product","3":"status-publish","4":"has-post-thumbnail","6":"product_cat-kapaklar-ve-septalar","7":"product_cat-kapanislar","8":"product_cat-kromatografi","9":"product_cat-vial-ve-kapaklar","11":"first","12":"instock","13":"shipping-taxable","14":"product-type-simple"},"_links":{"self":[{"href":"https:\/\/develop.eam-scientific.com\/tr\/wp-json\/wp\/v2\/product\/12486","targetHints":{"allow":["GET"]}}],"collection":[{"href":"https:\/\/develop.eam-scientific.com\/tr\/wp-json\/wp\/v2\/product"}],"about":[{"href":"https:\/\/develop.eam-scientific.com\/tr\/wp-json\/wp\/v2\/types\/product"}],"replies":[{"embeddable":true,"href":"https:\/\/develop.eam-scientific.com\/tr\/wp-json\/wp\/v2\/comments?post=12486"}],"wp:featuredmedia":[{"embeddable":true,"href":"https:\/\/develop.eam-scientific.com\/tr\/wp-json\/wp\/v2\/media\/9150"}],"wp:attachment":[{"href":"https:\/\/develop.eam-scientific.com\/tr\/wp-json\/wp\/v2\/media?parent=12486"}],"wp:term":[{"taxonomy":"product_cat","embeddable":true,"href":"https:\/\/develop.eam-scientific.com\/tr\/wp-json\/wp\/v2\/product_cat?post=12486"},{"taxonomy":"product_tag","embeddable":true,"href":"https:\/\/develop.eam-scientific.com\/tr\/wp-json\/wp\/v2\/product_tag?post=12486"}],"curies":[{"name":"wp","href":"https:\/\/api.w.org\/{rel}","templated":true}]}}