{"id":12488,"date":"2024-06-20T15:07:13","date_gmt":"2024-06-20T13:07:13","guid":{"rendered":"http:\/\/develop.eam-scientific.com\/produkt\/pe-tipa-n-8-polietilen-seffaf-kapali-septumsuz\/"},"modified":"2024-06-20T15:07:13","modified_gmt":"2024-06-20T13:07:13","slug":"pe-tipa-n-8-polietilen-seffaf-kapali-septumsuz","status":"publish","type":"product","link":"https:\/\/develop.eam-scientific.com\/tr\/produkt\/pe-tipa-n-8-polietilen-seffaf-kapali-septumsuz\/","title":{"rendered":"PE t\u0131pa, N 8, polietilen, \u015feffaf, kapal\u0131, septumsuz"},"content":{"rendered":"<p>Diyaframl\u0131 bu PE tapalarda ek bir elastomer conta yoktur. Bu nedenle sadece kritik olmayan uygulamalarda kullan\u0131lmal\u0131d\u0131rlar.<\/p>\n","protected":false},"excerpt":{"rendered":"<p>Diyaframl\u0131 bu PE tapalarda ek bir elastomer conta yoktur. Bu nedenle sadece kritik olmayan uygulamalarda kullan\u0131lmal\u0131d\u0131rlar.<\/p>\n","protected":false},"featured_media":9144,"comment_status":"open","ping_status":"closed","template":"","meta":[],"product_cat":[98,97,67,92],"product_tag":[],"class_list":{"0":"post-12488","1":"product","2":"type-product","3":"status-publish","4":"has-post-thumbnail","6":"product_cat-kapaklar-ve-septalar","7":"product_cat-kapanislar","8":"product_cat-kromatografi","9":"product_cat-vial-ve-kapaklar","11":"first","12":"instock","13":"shipping-taxable","14":"product-type-simple"},"_links":{"self":[{"href":"https:\/\/develop.eam-scientific.com\/tr\/wp-json\/wp\/v2\/product\/12488","targetHints":{"allow":["GET"]}}],"collection":[{"href":"https:\/\/develop.eam-scientific.com\/tr\/wp-json\/wp\/v2\/product"}],"about":[{"href":"https:\/\/develop.eam-scientific.com\/tr\/wp-json\/wp\/v2\/types\/product"}],"replies":[{"embeddable":true,"href":"https:\/\/develop.eam-scientific.com\/tr\/wp-json\/wp\/v2\/comments?post=12488"}],"wp:featuredmedia":[{"embeddable":true,"href":"https:\/\/develop.eam-scientific.com\/tr\/wp-json\/wp\/v2\/media\/9144"}],"wp:attachment":[{"href":"https:\/\/develop.eam-scientific.com\/tr\/wp-json\/wp\/v2\/media?parent=12488"}],"wp:term":[{"taxonomy":"product_cat","embeddable":true,"href":"https:\/\/develop.eam-scientific.com\/tr\/wp-json\/wp\/v2\/product_cat?post=12488"},{"taxonomy":"product_tag","embeddable":true,"href":"https:\/\/develop.eam-scientific.com\/tr\/wp-json\/wp\/v2\/product_tag?post=12488"}],"curies":[{"name":"wp","href":"https:\/\/api.w.org\/{rel}","templated":true}]}}