{"id":12503,"date":"2024-06-20T15:07:13","date_gmt":"2024-06-20T13:07:13","guid":{"rendered":"http:\/\/develop.eam-scientific.com\/produkt\/havsa-kapagi-n-20-alueminyum-patlama-kapagi-delik-butil-koyu-gri-ptfe-gri-30-mm\/"},"modified":"2024-06-20T15:07:13","modified_gmt":"2024-06-20T13:07:13","slug":"havsa-kapagi-n-20-alueminyum-patlama-kapagi-delik-butil-koyu-gri-ptfe-gri-30-mm","status":"publish","type":"product","link":"https:\/\/develop.eam-scientific.com\/tr\/produkt\/havsa-kapagi-n-20-alueminyum-patlama-kapagi-delik-butil-koyu-gri-ptfe-gri-30-mm\/","title":{"rendered":"Hav\u015fa kapa\u011f\u0131, N 20, al\u00fcminyum, patlama kapa\u011f\u0131, delik, butil koyu gri\/PTFE gri, 3,0 mm"},"content":{"rendered":"<p>Butil\/PTFE kal\u0131pl\u0131 diske sahip bu kapaklar sadece numune ile temas alan\u0131nda PTFE ile lamine edilmi\u015ftir. Bu \u015fekilde, elastomerik butil \u015fi\u015fenin cam kenarlar\u0131nda \u00f6zellikle iyi bir s\u0131zd\u0131rmazl\u0131k sa\u011flayabilirken, tamamen PTFE lamine septa cam \u00fczerinde \u00e7ok kaygan bir y\u00fczeye sahiptir ve bu nedenle kolayca d\u00f6nd\u00fcr\u00fclebilir. Genellikle &#8220;Pharma-Fix&#8221; olarak adland\u0131r\u0131lan bu kapaklar iyi bir analitik safl\u0131\u011fa sahiptir. &nbsp;Kapa\u011f\u0131n \u00f6nceden belirlenmi\u015f k\u0131r\u0131lma hatlar\u0131n\u0131n tutucu a\u011flar\u0131, 3 bar&#8217;dan (\u00b1 0,5 bar) daha y\u00fcksek bir i\u00e7 silindir bas\u0131nc\u0131nda a\u00e7\u0131l\u0131r ve b\u00f6ylece fazla bas\u0131nc\u0131n kontroll\u00fc bir \u015fekilde d\u0131\u015far\u0131 \u00e7\u0131kmas\u0131na izin verir. Patlama ba\u015fl\u0131\u011f\u0131n\u0131n i\u015flevselli\u011fi haddelenmi\u015f kenar\u0131n tasar\u0131m\u0131na (e\u011fimli veya d\u00fcz haddelenmi\u015f kenar) ba\u011fl\u0131 de\u011fildir.<\/p>\n","protected":false},"excerpt":{"rendered":"<p>Butil\/PTFE kal\u0131pl\u0131 diske sahip bu kapaklar sadece numune ile temas alan\u0131nda PTFE ile lamine edilmi\u015ftir. Bu \u015fekilde, elastomerik butil \u015fi\u015fenin cam kenarlar\u0131nda \u00f6zellikle iyi bir s\u0131zd\u0131rmazl\u0131k sa\u011flayabilirken, tamamen PTFE lamine septa cam \u00fczerinde \u00e7ok kaygan bir y\u00fczeye sahiptir ve bu nedenle kolayca d\u00f6nd\u00fcr\u00fclebilir. Genellikle &#8220;Pharma-Fix&#8221; olarak adland\u0131r\u0131lan bu kapaklar iyi bir analitik safl\u0131\u011fa sahiptir. &nbsp;Kapa\u011f\u0131n [&hellip;]<\/p>\n","protected":false},"featured_media":9136,"comment_status":"open","ping_status":"closed","template":"","meta":[],"product_cat":[98,97,67,92],"product_tag":[],"class_list":{"0":"post-12503","1":"product","2":"type-product","3":"status-publish","4":"has-post-thumbnail","6":"product_cat-kapaklar-ve-septalar","7":"product_cat-kapanislar","8":"product_cat-kromatografi","9":"product_cat-vial-ve-kapaklar","11":"first","12":"instock","13":"shipping-taxable","14":"product-type-simple"},"_links":{"self":[{"href":"https:\/\/develop.eam-scientific.com\/tr\/wp-json\/wp\/v2\/product\/12503","targetHints":{"allow":["GET"]}}],"collection":[{"href":"https:\/\/develop.eam-scientific.com\/tr\/wp-json\/wp\/v2\/product"}],"about":[{"href":"https:\/\/develop.eam-scientific.com\/tr\/wp-json\/wp\/v2\/types\/product"}],"replies":[{"embeddable":true,"href":"https:\/\/develop.eam-scientific.com\/tr\/wp-json\/wp\/v2\/comments?post=12503"}],"wp:featuredmedia":[{"embeddable":true,"href":"https:\/\/develop.eam-scientific.com\/tr\/wp-json\/wp\/v2\/media\/9136"}],"wp:attachment":[{"href":"https:\/\/develop.eam-scientific.com\/tr\/wp-json\/wp\/v2\/media?parent=12503"}],"wp:term":[{"taxonomy":"product_cat","embeddable":true,"href":"https:\/\/develop.eam-scientific.com\/tr\/wp-json\/wp\/v2\/product_cat?post=12503"},{"taxonomy":"product_tag","embeddable":true,"href":"https:\/\/develop.eam-scientific.com\/tr\/wp-json\/wp\/v2\/product_tag?post=12503"}],"curies":[{"name":"wp","href":"https:\/\/api.w.org\/{rel}","templated":true}]}}