{"id":12516,"date":"2024-06-20T15:07:13","date_gmt":"2024-06-20T13:07:13","guid":{"rendered":"http:\/\/develop.eam-scientific.com\/produkt\/vidali-kapak-bagli-n-18-pp-beyaz-kapali-silikon-w-ptfe-mavi-13-mm\/"},"modified":"2024-06-20T15:07:13","modified_gmt":"2024-06-20T13:07:13","slug":"vidali-kapak-bagli-n-18-pp-beyaz-kapali-silikon-w-ptfe-mavi-13-mm","status":"publish","type":"product","link":"https:\/\/develop.eam-scientific.com\/tr\/produkt\/vidali-kapak-bagli-n-18-pp-beyaz-kapali-silikon-w-ptfe-mavi-13-mm\/","title":{"rendered":"Vidal\u0131 kapak (ba\u011fl\u0131), N 18, PP, beyaz, kapal\u0131, silikon w.\/PTFE mavi, 1,3 mm"},"content":{"rendered":"<p>S\u0131v\u0131 numuneler i\u00e7in saklama \u015fi\u015felerini (702098) daha uzun bir s\u00fcre boyunca s\u0131k\u0131ca kapatmak i\u00e7in 18-400 di\u015fli, yap\u0131\u015ft\u0131r\u0131lm\u0131\u015f, kapal\u0131 vidal\u0131 kapak. Septum kapa\u011fa s\u0131k\u0131ca tutturulmu\u015ftur ve \u00e7\u0131kar\u0131lamaz. L\u00fctfen bu PP vidal\u0131 kapa\u011f\u0131n 702866, 702826 ve 702826.2 di\u015fli \u015fi\u015felerle birlikte kullan\u0131lamayaca\u011f\u0131n\u0131 unutmay\u0131n, \u00e7\u00fcnk\u00fc bu kapa\u011f\u0131n 18-400 di\u015fli tasar\u0131m\u0131 \u015fi\u015felerin standart olmayan tasar\u0131m\u0131ndan farkl\u0131d\u0131r.<\/p>\n","protected":false},"excerpt":{"rendered":"<p>S\u0131v\u0131 numuneler i\u00e7in saklama \u015fi\u015felerini (702098) daha uzun bir s\u00fcre boyunca s\u0131k\u0131ca kapatmak i\u00e7in 18-400 di\u015fli, yap\u0131\u015ft\u0131r\u0131lm\u0131\u015f, kapal\u0131 vidal\u0131 kapak. Septum kapa\u011fa s\u0131k\u0131ca tutturulmu\u015ftur ve \u00e7\u0131kar\u0131lamaz. L\u00fctfen bu PP vidal\u0131 kapa\u011f\u0131n 702866, 702826 ve 702826.2 di\u015fli \u015fi\u015felerle birlikte kullan\u0131lamayaca\u011f\u0131n\u0131 unutmay\u0131n, \u00e7\u00fcnk\u00fc bu kapa\u011f\u0131n 18-400 di\u015fli tasar\u0131m\u0131 \u015fi\u015felerin standart olmayan tasar\u0131m\u0131ndan farkl\u0131d\u0131r.<\/p>\n","protected":false},"featured_media":9120,"comment_status":"open","ping_status":"closed","template":"","meta":[],"product_cat":[98,97,67,92],"product_tag":[],"class_list":{"0":"post-12516","1":"product","2":"type-product","3":"status-publish","4":"has-post-thumbnail","6":"product_cat-kapaklar-ve-septalar","7":"product_cat-kapanislar","8":"product_cat-kromatografi","9":"product_cat-vial-ve-kapaklar","11":"first","12":"instock","13":"shipping-taxable","14":"product-type-simple"},"_links":{"self":[{"href":"https:\/\/develop.eam-scientific.com\/tr\/wp-json\/wp\/v2\/product\/12516","targetHints":{"allow":["GET"]}}],"collection":[{"href":"https:\/\/develop.eam-scientific.com\/tr\/wp-json\/wp\/v2\/product"}],"about":[{"href":"https:\/\/develop.eam-scientific.com\/tr\/wp-json\/wp\/v2\/types\/product"}],"replies":[{"embeddable":true,"href":"https:\/\/develop.eam-scientific.com\/tr\/wp-json\/wp\/v2\/comments?post=12516"}],"wp:featuredmedia":[{"embeddable":true,"href":"https:\/\/develop.eam-scientific.com\/tr\/wp-json\/wp\/v2\/media\/9120"}],"wp:attachment":[{"href":"https:\/\/develop.eam-scientific.com\/tr\/wp-json\/wp\/v2\/media?parent=12516"}],"wp:term":[{"taxonomy":"product_cat","embeddable":true,"href":"https:\/\/develop.eam-scientific.com\/tr\/wp-json\/wp\/v2\/product_cat?post=12516"},{"taxonomy":"product_tag","embeddable":true,"href":"https:\/\/develop.eam-scientific.com\/tr\/wp-json\/wp\/v2\/product_tag?post=12516"}],"curies":[{"name":"wp","href":"https:\/\/api.w.org\/{rel}","templated":true}]}}