{"id":12524,"date":"2024-06-20T15:07:13","date_gmt":"2024-06-20T13:07:13","guid":{"rendered":"http:\/\/develop.eam-scientific.com\/produkt\/vidali-kapak-n-18-manyetik-guemues-delikli-butil-kirmizi-ptfe-gri-15-mm\/"},"modified":"2024-06-20T15:07:13","modified_gmt":"2024-06-20T13:07:13","slug":"vidali-kapak-n-18-manyetik-guemues-delikli-butil-kirmizi-ptfe-gri-15-mm","status":"publish","type":"product","link":"https:\/\/develop.eam-scientific.com\/tr\/produkt\/vidali-kapak-n-18-manyetik-guemues-delikli-butil-kirmizi-ptfe-gri-15-mm\/","title":{"rendered":"Vidal\u0131 kapak, N 18, manyetik, g\u00fcm\u00fc\u015f, delikli, butil k\u0131rm\u0131z\u0131\/PTFE gri, 1,5 mm"},"content":{"rendered":"<p>S\u0131kma ile kar\u015f\u0131la\u015ft\u0131r\u0131ld\u0131\u011f\u0131nda, manyetik vidal\u0131 kapaklar N 18 daha rahat, tutarl\u0131 ve g\u00fcvenli bir s\u0131zd\u0131rmazl\u0131k i\u015flemine sahiptir (daha iyi tekrarlanabilirlik). Daha ince septum (3 mm yerine 1,5) daha az par\u00e7alanma ile i\u011fne penetrasyonunu kolayla\u015ft\u0131r\u0131r (\u00f6zellikle SPME uygulamalar\u0131 i\u00e7in \u00f6nemlidir). M\u0131knat\u0131s i\u00e7in d\u00fcz bir y\u00fczey sa\u011flarlar, b\u00f6ylece kapa\u011f\u0131n e\u011frili\u011fi nedeniyle k\u0131vr\u0131ml\u0131 \u015fi\u015felerde oldu\u011fu gibi dolu \u015fi\u015fe m\u0131knat\u0131stan d\u00fc\u015febilir.<\/p>\n","protected":false},"excerpt":{"rendered":"<p>S\u0131kma ile kar\u015f\u0131la\u015ft\u0131r\u0131ld\u0131\u011f\u0131nda, manyetik vidal\u0131 kapaklar N 18 daha rahat, tutarl\u0131 ve g\u00fcvenli bir s\u0131zd\u0131rmazl\u0131k i\u015flemine sahiptir (daha iyi tekrarlanabilirlik). Daha ince septum (3 mm yerine 1,5) daha az par\u00e7alanma ile i\u011fne penetrasyonunu kolayla\u015ft\u0131r\u0131r (\u00f6zellikle SPME uygulamalar\u0131 i\u00e7in \u00f6nemlidir). M\u0131knat\u0131s i\u00e7in d\u00fcz bir y\u00fczey sa\u011flarlar, b\u00f6ylece kapa\u011f\u0131n e\u011frili\u011fi nedeniyle k\u0131vr\u0131ml\u0131 \u015fi\u015felerde oldu\u011fu gibi dolu \u015fi\u015fe [&hellip;]<\/p>\n","protected":false},"featured_media":9116,"comment_status":"open","ping_status":"closed","template":"","meta":[],"product_cat":[98,97,67,92],"product_tag":[],"class_list":{"0":"post-12524","1":"product","2":"type-product","3":"status-publish","4":"has-post-thumbnail","6":"product_cat-kapaklar-ve-septalar","7":"product_cat-kapanislar","8":"product_cat-kromatografi","9":"product_cat-vial-ve-kapaklar","11":"first","12":"instock","13":"shipping-taxable","14":"product-type-simple"},"_links":{"self":[{"href":"https:\/\/develop.eam-scientific.com\/tr\/wp-json\/wp\/v2\/product\/12524","targetHints":{"allow":["GET"]}}],"collection":[{"href":"https:\/\/develop.eam-scientific.com\/tr\/wp-json\/wp\/v2\/product"}],"about":[{"href":"https:\/\/develop.eam-scientific.com\/tr\/wp-json\/wp\/v2\/types\/product"}],"replies":[{"embeddable":true,"href":"https:\/\/develop.eam-scientific.com\/tr\/wp-json\/wp\/v2\/comments?post=12524"}],"wp:featuredmedia":[{"embeddable":true,"href":"https:\/\/develop.eam-scientific.com\/tr\/wp-json\/wp\/v2\/media\/9116"}],"wp:attachment":[{"href":"https:\/\/develop.eam-scientific.com\/tr\/wp-json\/wp\/v2\/media?parent=12524"}],"wp:term":[{"taxonomy":"product_cat","embeddable":true,"href":"https:\/\/develop.eam-scientific.com\/tr\/wp-json\/wp\/v2\/product_cat?post=12524"},{"taxonomy":"product_tag","embeddable":true,"href":"https:\/\/develop.eam-scientific.com\/tr\/wp-json\/wp\/v2\/product_tag?post=12524"}],"curies":[{"name":"wp","href":"https:\/\/api.w.org\/{rel}","templated":true}]}}