{"id":12530,"date":"2024-06-20T15:06:52","date_gmt":"2024-06-20T13:06:52","guid":{"rendered":"http:\/\/develop.eam-scientific.com\/produkt\/vidali-kapak-n-13-pp-siyah-kapali-kirmizi-kaucuk-fep-renksiz-15-mm\/"},"modified":"2024-06-20T15:06:52","modified_gmt":"2024-06-20T13:06:52","slug":"vidali-kapak-n-13-pp-siyah-kapali-kirmizi-kaucuk-fep-renksiz-15-mm","status":"publish","type":"product","link":"https:\/\/develop.eam-scientific.com\/tr\/produkt\/vidali-kapak-n-13-pp-siyah-kapali-kirmizi-kaucuk-fep-renksiz-15-mm\/","title":{"rendered":"Vidal\u0131 kapak, N 13, PP, siyah, kapal\u0131, K\u0131rm\u0131z\u0131 Kau\u00e7uk\/FEP renksiz, 1,5 mm"},"content":{"rendered":"<p>Numune saklama i\u00e7in ucuz k\u0131rm\u0131z\u0131 kau\u00e7uk\/FEP septum ile kapatma.<\/p>\n","protected":false},"excerpt":{"rendered":"<p>Numune saklama i\u00e7in ucuz k\u0131rm\u0131z\u0131 kau\u00e7uk\/FEP septum ile kapatma.<\/p>\n","protected":false},"featured_media":9108,"comment_status":"open","ping_status":"closed","template":"","meta":[],"product_cat":[98,97,67,92],"product_tag":[],"class_list":{"0":"post-12530","1":"product","2":"type-product","3":"status-publish","4":"has-post-thumbnail","6":"product_cat-kapaklar-ve-septalar","7":"product_cat-kapanislar","8":"product_cat-kromatografi","9":"product_cat-vial-ve-kapaklar","11":"first","12":"instock","13":"shipping-taxable","14":"product-type-simple"},"_links":{"self":[{"href":"https:\/\/develop.eam-scientific.com\/tr\/wp-json\/wp\/v2\/product\/12530","targetHints":{"allow":["GET"]}}],"collection":[{"href":"https:\/\/develop.eam-scientific.com\/tr\/wp-json\/wp\/v2\/product"}],"about":[{"href":"https:\/\/develop.eam-scientific.com\/tr\/wp-json\/wp\/v2\/types\/product"}],"replies":[{"embeddable":true,"href":"https:\/\/develop.eam-scientific.com\/tr\/wp-json\/wp\/v2\/comments?post=12530"}],"wp:featuredmedia":[{"embeddable":true,"href":"https:\/\/develop.eam-scientific.com\/tr\/wp-json\/wp\/v2\/media\/9108"}],"wp:attachment":[{"href":"https:\/\/develop.eam-scientific.com\/tr\/wp-json\/wp\/v2\/media?parent=12530"}],"wp:term":[{"taxonomy":"product_cat","embeddable":true,"href":"https:\/\/develop.eam-scientific.com\/tr\/wp-json\/wp\/v2\/product_cat?post=12530"},{"taxonomy":"product_tag","embeddable":true,"href":"https:\/\/develop.eam-scientific.com\/tr\/wp-json\/wp\/v2\/product_tag?post=12530"}],"curies":[{"name":"wp","href":"https:\/\/api.w.org\/{rel}","templated":true}]}}