{"id":12547,"date":"2024-06-20T15:06:52","date_gmt":"2024-06-20T13:06:52","guid":{"rendered":"http:\/\/develop.eam-scientific.com\/produkt\/havsa-kapagi-n-11-alueminyum-kirmizi-delik-silikon-beyaz-ptfe-kirmizi-13-mm\/"},"modified":"2024-06-28T10:18:45","modified_gmt":"2024-06-28T08:18:45","slug":"havsa-kapagi-n-11-alueminyum-kirmizi-delik-silikon-beyaz-ptfe-kirmizi-13-mm","status":"publish","type":"product","link":"https:\/\/develop.eam-scientific.com\/tr\/produkt\/havsa-kapagi-n-11-alueminyum-kirmizi-delik-silikon-beyaz-ptfe-kirmizi-13-mm\/","title":{"rendered":"Hav\u015fa kapa\u011f\u0131, N 11, al\u00fcminyum, delikli, silikon beyaz\u0131\/PTFE k\u0131rm\u0131z\u0131s\u0131, 1,3 mm"},"content":{"rendered":"<p>Bu \u00fcr\u00fcn, 11 mm al\u00fcminyum hav\u015fa kapaklar\u0131ndan olu\u015fan geni\u015f \u00fcr\u00fcn yelpazemizin bir par\u00e7as\u0131d\u0131r. Silikon\/PTFE, zorlu analizler i\u00e7in uygun hale getiren analitik safl\u0131\u011f\u0131 nedeniyle \u00e7o\u011fu cihaz \u00fcreticisi taraf\u0131ndan tavsiye edilmektedir. D\u00fc\u015f\u00fck par\u00e7alanma ve y\u00fcksek s\u0131cakl\u0131k direnci ile birlikte kolay ve g\u00fcvenilir penetrasyon, bu s\u0131zd\u0131rmazl\u0131k diski malzemesinin di\u011fer avantajlar\u0131d\u0131r.<\/p>\n","protected":false},"excerpt":{"rendered":"<p>Bu \u00fcr\u00fcn, 11 mm al\u00fcminyum hav\u015fa kapaklar\u0131ndan olu\u015fan geni\u015f \u00fcr\u00fcn yelpazemizin bir par\u00e7as\u0131d\u0131r. Silikon\/PTFE, zorlu analizler i\u00e7in uygun hale getiren analitik safl\u0131\u011f\u0131 nedeniyle \u00e7o\u011fu cihaz \u00fcreticisi taraf\u0131ndan tavsiye edilmektedir. D\u00fc\u015f\u00fck par\u00e7alanma ve y\u00fcksek s\u0131cakl\u0131k direnci ile birlikte kolay ve g\u00fcvenilir penetrasyon, bu s\u0131zd\u0131rmazl\u0131k diski malzemesinin di\u011fer avantajlar\u0131d\u0131r.<\/p>\n","protected":false},"featured_media":15776,"comment_status":"open","ping_status":"closed","template":"","meta":[],"product_cat":[98,97,67,92],"product_tag":[],"class_list":{"0":"post-12547","1":"product","2":"type-product","3":"status-publish","4":"has-post-thumbnail","6":"product_cat-kapaklar-ve-septalar","7":"product_cat-kapanislar","8":"product_cat-kromatografi","9":"product_cat-vial-ve-kapaklar","11":"first","12":"instock","13":"shipping-taxable","14":"product-type-simple"},"_links":{"self":[{"href":"https:\/\/develop.eam-scientific.com\/tr\/wp-json\/wp\/v2\/product\/12547","targetHints":{"allow":["GET"]}}],"collection":[{"href":"https:\/\/develop.eam-scientific.com\/tr\/wp-json\/wp\/v2\/product"}],"about":[{"href":"https:\/\/develop.eam-scientific.com\/tr\/wp-json\/wp\/v2\/types\/product"}],"replies":[{"embeddable":true,"href":"https:\/\/develop.eam-scientific.com\/tr\/wp-json\/wp\/v2\/comments?post=12547"}],"wp:featuredmedia":[{"embeddable":true,"href":"https:\/\/develop.eam-scientific.com\/tr\/wp-json\/wp\/v2\/media\/15776"}],"wp:attachment":[{"href":"https:\/\/develop.eam-scientific.com\/tr\/wp-json\/wp\/v2\/media?parent=12547"}],"wp:term":[{"taxonomy":"product_cat","embeddable":true,"href":"https:\/\/develop.eam-scientific.com\/tr\/wp-json\/wp\/v2\/product_cat?post=12547"},{"taxonomy":"product_tag","embeddable":true,"href":"https:\/\/develop.eam-scientific.com\/tr\/wp-json\/wp\/v2\/product_tag?post=12547"}],"curies":[{"name":"wp","href":"https:\/\/api.w.org\/{rel}","templated":true}]}}