{"id":12550,"date":"2024-06-20T15:06:52","date_gmt":"2024-06-20T13:06:52","guid":{"rendered":"http:\/\/develop.eam-scientific.com\/produkt\/gecmeli-halka-kapatma-n-11-pe-sert-mavi-delik-sil-w-ptfe-mavi-capraz-kapali-10mm\/"},"modified":"2024-06-28T10:18:43","modified_gmt":"2024-06-28T08:18:43","slug":"gecmeli-halka-kapatma-n-11-pe-sert-mavi-delik-sil-w-ptfe-mavi-capraz-kapali-10mm","status":"publish","type":"product","link":"https:\/\/develop.eam-scientific.com\/tr\/produkt\/gecmeli-halka-kapatma-n-11-pe-sert-mavi-delik-sil-w-ptfe-mavi-capraz-kapali-10mm\/","title":{"rendered":"\u00e7\u0131t\u00e7\u0131tl\u0131 halka kapatma, N 11, PE (yumu\u015fak), a\u00e7\u0131k mavi, delik, Sil, w.\/PTFE bl., \u00e7apraz kapal\u0131, 1mm"},"content":{"rendered":"<p>Daha iyi s\u0131k\u0131l\u0131k i\u00e7in sert segman kapaklar\u0131; daha kolay kullan\u0131m i\u00e7in yumu\u015fak. \u00c7apraz yar\u0131kl\u0131 septum sayesinde kal\u0131n\/k\u00f6r HPLC i\u011fneleri i\u00e7in \u00f6zellikle uygundur.<\/p>\n","protected":false},"excerpt":{"rendered":"<p>Daha iyi s\u0131k\u0131l\u0131k i\u00e7in sert segman kapaklar\u0131; daha kolay kullan\u0131m i\u00e7in yumu\u015fak. \u00c7apraz yar\u0131kl\u0131 septum sayesinde kal\u0131n\/k\u00f6r HPLC i\u011fneleri i\u00e7in \u00f6zellikle uygundur.<\/p>\n","protected":false},"featured_media":15782,"comment_status":"open","ping_status":"closed","template":"","meta":[],"product_cat":[98,97,67,92],"product_tag":[],"class_list":{"0":"post-12550","1":"product","2":"type-product","3":"status-publish","4":"has-post-thumbnail","6":"product_cat-kapaklar-ve-septalar","7":"product_cat-kapanislar","8":"product_cat-kromatografi","9":"product_cat-vial-ve-kapaklar","11":"first","12":"instock","13":"shipping-taxable","14":"product-type-simple"},"_links":{"self":[{"href":"https:\/\/develop.eam-scientific.com\/tr\/wp-json\/wp\/v2\/product\/12550","targetHints":{"allow":["GET"]}}],"collection":[{"href":"https:\/\/develop.eam-scientific.com\/tr\/wp-json\/wp\/v2\/product"}],"about":[{"href":"https:\/\/develop.eam-scientific.com\/tr\/wp-json\/wp\/v2\/types\/product"}],"replies":[{"embeddable":true,"href":"https:\/\/develop.eam-scientific.com\/tr\/wp-json\/wp\/v2\/comments?post=12550"}],"wp:featuredmedia":[{"embeddable":true,"href":"https:\/\/develop.eam-scientific.com\/tr\/wp-json\/wp\/v2\/media\/15782"}],"wp:attachment":[{"href":"https:\/\/develop.eam-scientific.com\/tr\/wp-json\/wp\/v2\/media?parent=12550"}],"wp:term":[{"taxonomy":"product_cat","embeddable":true,"href":"https:\/\/develop.eam-scientific.com\/tr\/wp-json\/wp\/v2\/product_cat?post=12550"},{"taxonomy":"product_tag","embeddable":true,"href":"https:\/\/develop.eam-scientific.com\/tr\/wp-json\/wp\/v2\/product_tag?post=12550"}],"curies":[{"name":"wp","href":"https:\/\/api.w.org\/{rel}","templated":true}]}}