{"id":12551,"date":"2024-06-20T15:06:52","date_gmt":"2024-06-20T13:06:52","guid":{"rendered":"http:\/\/develop.eam-scientific.com\/produkt\/bimetal-kapak-n-20-mavi-guemues-delik-silikon-beyaz-ptfe-bej-3mm\/"},"modified":"2024-06-20T15:06:52","modified_gmt":"2024-06-20T13:06:52","slug":"bimetal-kapak-n-20-mavi-guemues-delik-silikon-beyaz-ptfe-bej-3mm","status":"publish","type":"product","link":"https:\/\/develop.eam-scientific.com\/tr\/produkt\/bimetal-kapak-n-20-mavi-guemues-delik-silikon-beyaz-ptfe-bej-3mm\/","title":{"rendered":"Bimetal kapak, N 20, mavi\/g\u00fcm\u00fc\u015f, delik, silikon beyaz\/PTFE bej, 3mm"},"content":{"rendered":"<p>Bimetal k\u0131vr\u0131ml\u0131 kapaklar, \u015fi\u015fenin \u00f6rne\u011fin CTC Combi PAL, Shimadzu AOC 5000\/6000 veya Gerstel otomatik \u00f6rnekleyicide m\u0131knat\u0131slar kullan\u0131larak ta\u015f\u0131nmas\u0131n\u0131 sa\u011flar. Genellikle k\u0131vr\u0131lmalar\u0131\/a\u00e7\u0131lmalar\u0131 daha zordur, bu nedenle N 18 tepe bo\u015flu\u011fu di\u015fli \u015fi\u015feler daha uygun bir alternatif olabilir. 60\u00b0C ila 200\u00b0C aras\u0131nda s\u0131cakl\u0131k kararl\u0131l\u0131\u011f\u0131, maksimum analitik safl\u0131k ve m\u00fckemmel penetrasyon \u00f6zellikleri sunduklar\u0131 i\u00e7in silikon\/PTFE septalar\u0131 headspace uygulamalar\u0131 i\u00e7in en uygun se\u00e7im olarak \u00f6neriyoruz. Septa tak\u0131l\u0131r ve kapaklar kullan\u0131ma haz\u0131r hale gelir. A\u00e7\u0131klay\u0131c\u0131 olmas\u0131 amac\u0131yla, septa alt taraf\u0131 yukar\u0131 bakacak \u015fekilde g\u00f6sterilmi\u015ftir.<\/p>\n","protected":false},"excerpt":{"rendered":"<p>Bimetal k\u0131vr\u0131ml\u0131 kapaklar, \u015fi\u015fenin \u00f6rne\u011fin CTC Combi PAL, Shimadzu AOC 5000\/6000 veya Gerstel otomatik \u00f6rnekleyicide m\u0131knat\u0131slar kullan\u0131larak ta\u015f\u0131nmas\u0131n\u0131 sa\u011flar. Genellikle k\u0131vr\u0131lmalar\u0131\/a\u00e7\u0131lmalar\u0131 daha zordur, bu nedenle N 18 tepe bo\u015flu\u011fu di\u015fli \u015fi\u015feler daha uygun bir alternatif olabilir. 60\u00b0C ila 200\u00b0C aras\u0131nda s\u0131cakl\u0131k kararl\u0131l\u0131\u011f\u0131, maksimum analitik safl\u0131k ve m\u00fckemmel penetrasyon \u00f6zellikleri sunduklar\u0131 i\u00e7in silikon\/PTFE septalar\u0131 headspace uygulamalar\u0131 [&hellip;]<\/p>\n","protected":false},"featured_media":9082,"comment_status":"open","ping_status":"closed","template":"","meta":[],"product_cat":[98,97,67,92],"product_tag":[],"class_list":{"0":"post-12551","1":"product","2":"type-product","3":"status-publish","4":"has-post-thumbnail","6":"product_cat-kapaklar-ve-septalar","7":"product_cat-kapanislar","8":"product_cat-kromatografi","9":"product_cat-vial-ve-kapaklar","11":"first","12":"instock","13":"shipping-taxable","14":"product-type-simple"},"_links":{"self":[{"href":"https:\/\/develop.eam-scientific.com\/tr\/wp-json\/wp\/v2\/product\/12551","targetHints":{"allow":["GET"]}}],"collection":[{"href":"https:\/\/develop.eam-scientific.com\/tr\/wp-json\/wp\/v2\/product"}],"about":[{"href":"https:\/\/develop.eam-scientific.com\/tr\/wp-json\/wp\/v2\/types\/product"}],"replies":[{"embeddable":true,"href":"https:\/\/develop.eam-scientific.com\/tr\/wp-json\/wp\/v2\/comments?post=12551"}],"wp:featuredmedia":[{"embeddable":true,"href":"https:\/\/develop.eam-scientific.com\/tr\/wp-json\/wp\/v2\/media\/9082"}],"wp:attachment":[{"href":"https:\/\/develop.eam-scientific.com\/tr\/wp-json\/wp\/v2\/media?parent=12551"}],"wp:term":[{"taxonomy":"product_cat","embeddable":true,"href":"https:\/\/develop.eam-scientific.com\/tr\/wp-json\/wp\/v2\/product_cat?post=12551"},{"taxonomy":"product_tag","embeddable":true,"href":"https:\/\/develop.eam-scientific.com\/tr\/wp-json\/wp\/v2\/product_tag?post=12551"}],"curies":[{"name":"wp","href":"https:\/\/api.w.org\/{rel}","templated":true}]}}