{"id":12558,"date":"2024-06-20T15:06:30","date_gmt":"2024-06-20T13:06:30","guid":{"rendered":"http:\/\/develop.eam-scientific.com\/produkt\/vidali-kapak-bagli-n-24-pp-beyaz-delikli-kirmizi-kaucuk-tef-25-mm\/"},"modified":"2024-06-20T15:06:30","modified_gmt":"2024-06-20T13:06:30","slug":"vidali-kapak-bagli-n-24-pp-beyaz-delikli-kirmizi-kaucuk-tef-25-mm","status":"publish","type":"product","link":"https:\/\/develop.eam-scientific.com\/tr\/produkt\/vidali-kapak-bagli-n-24-pp-beyaz-delikli-kirmizi-kaucuk-tef-25-mm\/","title":{"rendered":"Vidal\u0131 kapak (ba\u011fl\u0131), N 24, PP, beyaz, delikli, k\u0131rm\u0131z\u0131 kau\u00e7uk\/TEF, 2,5 mm"},"content":{"rendered":"<p>\u0130yi bir fiyat-performans oran\u0131na sahip analiz i\u00e7in g\u00fcmr\u00fckl\u00fc kapatma N 24. Septum kapa\u011fa s\u0131k\u0131ca tutturulmu\u015ftur; \u00e7\u0131kar\u0131lamaz.<\/p>\n","protected":false},"excerpt":{"rendered":"<p>\u0130yi bir fiyat-performans oran\u0131na sahip analiz i\u00e7in g\u00fcmr\u00fckl\u00fc kapatma N 24. Septum kapa\u011fa s\u0131k\u0131ca tutturulmu\u015ftur; \u00e7\u0131kar\u0131lamaz.<\/p>\n","protected":false},"featured_media":9074,"comment_status":"open","ping_status":"closed","template":"","meta":[],"product_cat":[98,97,67,92],"product_tag":[],"class_list":{"0":"post-12558","1":"product","2":"type-product","3":"status-publish","4":"has-post-thumbnail","6":"product_cat-kapaklar-ve-septalar","7":"product_cat-kapanislar","8":"product_cat-kromatografi","9":"product_cat-vial-ve-kapaklar","11":"first","12":"instock","13":"shipping-taxable","14":"product-type-simple"},"_links":{"self":[{"href":"https:\/\/develop.eam-scientific.com\/tr\/wp-json\/wp\/v2\/product\/12558","targetHints":{"allow":["GET"]}}],"collection":[{"href":"https:\/\/develop.eam-scientific.com\/tr\/wp-json\/wp\/v2\/product"}],"about":[{"href":"https:\/\/develop.eam-scientific.com\/tr\/wp-json\/wp\/v2\/types\/product"}],"replies":[{"embeddable":true,"href":"https:\/\/develop.eam-scientific.com\/tr\/wp-json\/wp\/v2\/comments?post=12558"}],"wp:featuredmedia":[{"embeddable":true,"href":"https:\/\/develop.eam-scientific.com\/tr\/wp-json\/wp\/v2\/media\/9074"}],"wp:attachment":[{"href":"https:\/\/develop.eam-scientific.com\/tr\/wp-json\/wp\/v2\/media?parent=12558"}],"wp:term":[{"taxonomy":"product_cat","embeddable":true,"href":"https:\/\/develop.eam-scientific.com\/tr\/wp-json\/wp\/v2\/product_cat?post=12558"},{"taxonomy":"product_tag","embeddable":true,"href":"https:\/\/develop.eam-scientific.com\/tr\/wp-json\/wp\/v2\/product_tag?post=12558"}],"curies":[{"name":"wp","href":"https:\/\/api.w.org\/{rel}","templated":true}]}}