{"id":12561,"date":"2024-06-20T15:06:30","date_gmt":"2024-06-20T13:06:30","guid":{"rendered":"http:\/\/develop.eam-scientific.com\/produkt\/flare-kapak-n-20-alueminyum-ortasi-yirtilabilir-septumsuz\/"},"modified":"2024-06-20T15:06:30","modified_gmt":"2024-06-20T13:06:30","slug":"flare-kapak-n-20-alueminyum-ortasi-yirtilabilir-septumsuz","status":"publish","type":"product","link":"https:\/\/develop.eam-scientific.com\/tr\/produkt\/flare-kapak-n-20-alueminyum-ortasi-yirtilabilir-septumsuz\/","title":{"rendered":"Flare kapak, N 20, al\u00fcminyum, ortas\u0131 y\u0131rt\u0131labilir, septumsuz"},"content":{"rendered":"<p>Merkez y\u0131rtma kapaklar\u0131, kurcalanmaya kar\u015f\u0131 korumal\u0131 m\u00fch\u00fcrlere sahip k\u0131vr\u0131ml\u0131 kapaklard\u0131r. Septuma girmek i\u00e7in \u00f6nce orta kapak \u00e7\u0131kar\u0131larak delik eri\u015filebilir hale getirilmelidir. T\u00fcm septa N 20 ve t\u00fcm tapa N 20 ile kullan\u0131labilir. G\u00fcn\u00fcm\u00fczde, ambalaj sekt\u00f6r\u00fcnde \u00e7o\u011funlukla flip top\/flip off kapaklar olarak adland\u0131r\u0131lan ve temelde plastik kapak \u015feklinde bir y\u0131rtma yard\u0131mc\u0131s\u0131na sahip orta y\u0131rtma kapaklar kullan\u0131lmaktad\u0131r.<\/p>\n","protected":false},"excerpt":{"rendered":"<p>Merkez y\u0131rtma kapaklar\u0131, kurcalanmaya kar\u015f\u0131 korumal\u0131 m\u00fch\u00fcrlere sahip k\u0131vr\u0131ml\u0131 kapaklard\u0131r. Septuma girmek i\u00e7in \u00f6nce orta kapak \u00e7\u0131kar\u0131larak delik eri\u015filebilir hale getirilmelidir. T\u00fcm septa N 20 ve t\u00fcm tapa N 20 ile kullan\u0131labilir. G\u00fcn\u00fcm\u00fczde, ambalaj sekt\u00f6r\u00fcnde \u00e7o\u011funlukla flip top\/flip off kapaklar olarak adland\u0131r\u0131lan ve temelde plastik kapak \u015feklinde bir y\u0131rtma yard\u0131mc\u0131s\u0131na sahip orta y\u0131rtma kapaklar kullan\u0131lmaktad\u0131r.<\/p>\n","protected":false},"featured_media":9072,"comment_status":"open","ping_status":"closed","template":"","meta":[],"product_cat":[98,97,67,92],"product_tag":[],"class_list":{"0":"post-12561","1":"product","2":"type-product","3":"status-publish","4":"has-post-thumbnail","6":"product_cat-kapaklar-ve-septalar","7":"product_cat-kapanislar","8":"product_cat-kromatografi","9":"product_cat-vial-ve-kapaklar","11":"first","12":"instock","13":"shipping-taxable","14":"product-type-simple"},"_links":{"self":[{"href":"https:\/\/develop.eam-scientific.com\/tr\/wp-json\/wp\/v2\/product\/12561","targetHints":{"allow":["GET"]}}],"collection":[{"href":"https:\/\/develop.eam-scientific.com\/tr\/wp-json\/wp\/v2\/product"}],"about":[{"href":"https:\/\/develop.eam-scientific.com\/tr\/wp-json\/wp\/v2\/types\/product"}],"replies":[{"embeddable":true,"href":"https:\/\/develop.eam-scientific.com\/tr\/wp-json\/wp\/v2\/comments?post=12561"}],"wp:featuredmedia":[{"embeddable":true,"href":"https:\/\/develop.eam-scientific.com\/tr\/wp-json\/wp\/v2\/media\/9072"}],"wp:attachment":[{"href":"https:\/\/develop.eam-scientific.com\/tr\/wp-json\/wp\/v2\/media?parent=12561"}],"wp:term":[{"taxonomy":"product_cat","embeddable":true,"href":"https:\/\/develop.eam-scientific.com\/tr\/wp-json\/wp\/v2\/product_cat?post=12561"},{"taxonomy":"product_tag","embeddable":true,"href":"https:\/\/develop.eam-scientific.com\/tr\/wp-json\/wp\/v2\/product_tag?post=12561"}],"curies":[{"name":"wp","href":"https:\/\/api.w.org\/{rel}","templated":true}]}}