{"id":12564,"date":"2024-06-20T15:06:52","date_gmt":"2024-06-20T13:06:52","guid":{"rendered":"http:\/\/develop.eam-scientific.com\/produkt\/vidali-kapak-n-9-pp-celik-manyetik-delikli-silikon-w-ptfe-kirmizi-1-0mm\/"},"modified":"2024-06-20T15:06:52","modified_gmt":"2024-06-20T13:06:52","slug":"vidali-kapak-n-9-pp-celik-manyetik-delikli-silikon-w-ptfe-kirmizi-1-0mm","status":"publish","type":"product","link":"https:\/\/develop.eam-scientific.com\/tr\/produkt\/vidali-kapak-n-9-pp-celik-manyetik-delikli-silikon-w-ptfe-kirmizi-1-0mm\/","title":{"rendered":"Vidal\u0131 kapak, N 9, PP\/\u00e7elik, manyetik, delikli, silikon w.\/PTFE k\u0131rm\u0131z\u0131, 1.0mm"},"content":{"rendered":"<p>\u00d6rne\u011fin CTC Combi\/GC PAL otomatik \u00f6rnekleyiciler ve benzer cihazlar i\u00e7in m\u0131knat\u0131s kullanarak \u015fi\u015fe ta\u015f\u0131ma i\u00e7in manyetik kapaklar.<\/p>\n","protected":false},"excerpt":{"rendered":"<p>\u00d6rne\u011fin CTC Combi\/GC PAL otomatik \u00f6rnekleyiciler ve benzer cihazlar i\u00e7in m\u0131knat\u0131s kullanarak \u015fi\u015fe ta\u015f\u0131ma i\u00e7in manyetik kapaklar.<\/p>\n","protected":false},"featured_media":9076,"comment_status":"open","ping_status":"closed","template":"","meta":[],"product_cat":[98,97,67,92],"product_tag":[],"class_list":{"0":"post-12564","1":"product","2":"type-product","3":"status-publish","4":"has-post-thumbnail","6":"product_cat-kapaklar-ve-septalar","7":"product_cat-kapanislar","8":"product_cat-kromatografi","9":"product_cat-vial-ve-kapaklar","11":"first","12":"instock","13":"shipping-taxable","14":"product-type-simple"},"_links":{"self":[{"href":"https:\/\/develop.eam-scientific.com\/tr\/wp-json\/wp\/v2\/product\/12564","targetHints":{"allow":["GET"]}}],"collection":[{"href":"https:\/\/develop.eam-scientific.com\/tr\/wp-json\/wp\/v2\/product"}],"about":[{"href":"https:\/\/develop.eam-scientific.com\/tr\/wp-json\/wp\/v2\/types\/product"}],"replies":[{"embeddable":true,"href":"https:\/\/develop.eam-scientific.com\/tr\/wp-json\/wp\/v2\/comments?post=12564"}],"wp:featuredmedia":[{"embeddable":true,"href":"https:\/\/develop.eam-scientific.com\/tr\/wp-json\/wp\/v2\/media\/9076"}],"wp:attachment":[{"href":"https:\/\/develop.eam-scientific.com\/tr\/wp-json\/wp\/v2\/media?parent=12564"}],"wp:term":[{"taxonomy":"product_cat","embeddable":true,"href":"https:\/\/develop.eam-scientific.com\/tr\/wp-json\/wp\/v2\/product_cat?post=12564"},{"taxonomy":"product_tag","embeddable":true,"href":"https:\/\/develop.eam-scientific.com\/tr\/wp-json\/wp\/v2\/product_tag?post=12564"}],"curies":[{"name":"wp","href":"https:\/\/api.w.org\/{rel}","templated":true}]}}