{"id":12576,"date":"2024-06-20T15:06:30","date_gmt":"2024-06-20T13:06:30","guid":{"rendered":"http:\/\/develop.eam-scientific.com\/produkt\/flare-kapak-n-20-alueminyum-delik-silikon-w-fep-alueminyum-folyo-guemues-3mm\/"},"modified":"2024-06-20T15:06:30","modified_gmt":"2024-06-20T13:06:30","slug":"flare-kapak-n-20-alueminyum-delik-silikon-w-fep-alueminyum-folyo-guemues-3mm","status":"publish","type":"product","link":"https:\/\/develop.eam-scientific.com\/tr\/produkt\/flare-kapak-n-20-alueminyum-delik-silikon-w-fep-alueminyum-folyo-guemues-3mm\/","title":{"rendered":"Flare kapak, N 20, al\u00fcminyum, delik, silikon w.\/FEP\/al\u00fcminyum folyo, g\u00fcm\u00fc\u015f, 3mm"},"content":{"rendered":"<p>\u00c7o\u011funlukla PerkinElmer cihazlar\u0131nda kullan\u0131l\u0131r. \u00c7ok y\u00fcksek s\u0131cakl\u0131k dayan\u0131m\u0131.<\/p>\n","protected":false},"excerpt":{"rendered":"<p>\u00c7o\u011funlukla PerkinElmer cihazlar\u0131nda kullan\u0131l\u0131r. \u00c7ok y\u00fcksek s\u0131cakl\u0131k dayan\u0131m\u0131.<\/p>\n","protected":false},"featured_media":9060,"comment_status":"open","ping_status":"closed","template":"","meta":[],"product_cat":[98,97,67,92],"product_tag":[],"class_list":{"0":"post-12576","1":"product","2":"type-product","3":"status-publish","4":"has-post-thumbnail","6":"product_cat-kapaklar-ve-septalar","7":"product_cat-kapanislar","8":"product_cat-kromatografi","9":"product_cat-vial-ve-kapaklar","11":"first","12":"instock","13":"shipping-taxable","14":"product-type-simple"},"_links":{"self":[{"href":"https:\/\/develop.eam-scientific.com\/tr\/wp-json\/wp\/v2\/product\/12576","targetHints":{"allow":["GET"]}}],"collection":[{"href":"https:\/\/develop.eam-scientific.com\/tr\/wp-json\/wp\/v2\/product"}],"about":[{"href":"https:\/\/develop.eam-scientific.com\/tr\/wp-json\/wp\/v2\/types\/product"}],"replies":[{"embeddable":true,"href":"https:\/\/develop.eam-scientific.com\/tr\/wp-json\/wp\/v2\/comments?post=12576"}],"wp:featuredmedia":[{"embeddable":true,"href":"https:\/\/develop.eam-scientific.com\/tr\/wp-json\/wp\/v2\/media\/9060"}],"wp:attachment":[{"href":"https:\/\/develop.eam-scientific.com\/tr\/wp-json\/wp\/v2\/media?parent=12576"}],"wp:term":[{"taxonomy":"product_cat","embeddable":true,"href":"https:\/\/develop.eam-scientific.com\/tr\/wp-json\/wp\/v2\/product_cat?post=12576"},{"taxonomy":"product_tag","embeddable":true,"href":"https:\/\/develop.eam-scientific.com\/tr\/wp-json\/wp\/v2\/product_tag?post=12576"}],"curies":[{"name":"wp","href":"https:\/\/api.w.org\/{rel}","templated":true}]}}