{"id":12587,"date":"2024-06-20T15:06:30","date_gmt":"2024-06-20T13:06:30","guid":{"rendered":"http:\/\/develop.eam-scientific.com\/produkt\/pe-gecmeli-kapak-n-22-polietilen-seffaf-kapali-septumsuz\/"},"modified":"2024-06-20T15:06:30","modified_gmt":"2024-06-20T13:06:30","slug":"pe-gecmeli-kapak-n-22-polietilen-seffaf-kapali-septumsuz","status":"publish","type":"product","link":"https:\/\/develop.eam-scientific.com\/tr\/produkt\/pe-gecmeli-kapak-n-22-polietilen-seffaf-kapali-septumsuz\/","title":{"rendered":"PE ge\u00e7meli kapak, N 22, polietilen, \u015feffaf, kapal\u0131, septumsuz"},"content":{"rendered":"<p>Kapak tasar\u0131m\u0131 ve kapatma teknolojisi nedeniyle, ge\u00e7meli kapaklar yaln\u0131zca toz halindeki maddelerin kapat\u0131lmas\u0131 i\u00e7in uygundur.<\/p>\n","protected":false},"excerpt":{"rendered":"<p>Kapak tasar\u0131m\u0131 ve kapatma teknolojisi nedeniyle, ge\u00e7meli kapaklar yaln\u0131zca toz halindeki maddelerin kapat\u0131lmas\u0131 i\u00e7in uygundur.<\/p>\n","protected":false},"featured_media":9044,"comment_status":"open","ping_status":"closed","template":"","meta":[],"product_cat":[98,97,67,92],"product_tag":[],"class_list":{"0":"post-12587","1":"product","2":"type-product","3":"status-publish","4":"has-post-thumbnail","6":"product_cat-kapaklar-ve-septalar","7":"product_cat-kapanislar","8":"product_cat-kromatografi","9":"product_cat-vial-ve-kapaklar","11":"first","12":"instock","13":"shipping-taxable","14":"product-type-simple"},"_links":{"self":[{"href":"https:\/\/develop.eam-scientific.com\/tr\/wp-json\/wp\/v2\/product\/12587","targetHints":{"allow":["GET"]}}],"collection":[{"href":"https:\/\/develop.eam-scientific.com\/tr\/wp-json\/wp\/v2\/product"}],"about":[{"href":"https:\/\/develop.eam-scientific.com\/tr\/wp-json\/wp\/v2\/types\/product"}],"replies":[{"embeddable":true,"href":"https:\/\/develop.eam-scientific.com\/tr\/wp-json\/wp\/v2\/comments?post=12587"}],"wp:featuredmedia":[{"embeddable":true,"href":"https:\/\/develop.eam-scientific.com\/tr\/wp-json\/wp\/v2\/media\/9044"}],"wp:attachment":[{"href":"https:\/\/develop.eam-scientific.com\/tr\/wp-json\/wp\/v2\/media?parent=12587"}],"wp:term":[{"taxonomy":"product_cat","embeddable":true,"href":"https:\/\/develop.eam-scientific.com\/tr\/wp-json\/wp\/v2\/product_cat?post=12587"},{"taxonomy":"product_tag","embeddable":true,"href":"https:\/\/develop.eam-scientific.com\/tr\/wp-json\/wp\/v2\/product_tag?post=12587"}],"curies":[{"name":"wp","href":"https:\/\/api.w.org\/{rel}","templated":true}]}}