{"id":12590,"date":"2024-06-20T15:06:30","date_gmt":"2024-06-20T13:06:30","guid":{"rendered":"http:\/\/develop.eam-scientific.com\/produkt\/havsa-kapagi-n-11-alueminyum-delik-dogal-kaucuk-buetil-tef-13-mm\/"},"modified":"2024-06-28T10:18:43","modified_gmt":"2024-06-28T08:18:43","slug":"havsa-kapagi-n-11-alueminyum-delik-dogal-kaucuk-buetil-tef-13-mm","status":"publish","type":"product","link":"https:\/\/develop.eam-scientific.com\/tr\/produkt\/havsa-kapagi-n-11-alueminyum-delik-dogal-kaucuk-buetil-tef-13-mm\/","title":{"rendered":"Hav\u015fa kapa\u011f\u0131, N 11, al\u00fcminyum, k\u0131rm\u0131z\u0131, delikli, do\u011fal kau\u00e7uk\/b\u00fctil\/TEF, 1,0 mm"},"content":{"rendered":"<p>Do\u011fal kau\u00e7u\u011fun yeniden s\u0131zd\u0131rmazl\u0131k \u00f6zellikleri ve b\u00fctilin safl\u0131\u011f\u0131 ile elveri\u015fli kapatma. G\u00fcn\u00fcm\u00fczde genellikle K\u0131rm\u0131z\u0131 Kau\u00e7uk\/FEP kapaklarla de\u011fi\u015ftirilmektedir ve farkl\u0131 numune t\u00fcrlerinin, laboratuvarlar\u0131n veya katmanlar\u0131n renk kodlamas\u0131 i\u00e7in renkli kapaklar\u0131 da mevcuttur.<\/p>\n","protected":false},"excerpt":{"rendered":"<p>Do\u011fal kau\u00e7u\u011fun yeniden s\u0131zd\u0131rmazl\u0131k \u00f6zellikleri ve b\u00fctilin safl\u0131\u011f\u0131 ile elveri\u015fli kapatma. G\u00fcn\u00fcm\u00fczde genellikle K\u0131rm\u0131z\u0131 Kau\u00e7uk\/FEP kapaklarla de\u011fi\u015ftirilmektedir ve farkl\u0131 numune t\u00fcrlerinin, laboratuvarlar\u0131n veya katmanlar\u0131n renk kodlamas\u0131 i\u00e7in renkli kapaklar\u0131 da mevcuttur.<\/p>\n","protected":false},"featured_media":15773,"comment_status":"open","ping_status":"closed","template":"","meta":[],"product_cat":[98,97,67,92],"product_tag":[],"class_list":{"0":"post-12590","1":"product","2":"type-product","3":"status-publish","4":"has-post-thumbnail","6":"product_cat-kapaklar-ve-septalar","7":"product_cat-kapanislar","8":"product_cat-kromatografi","9":"product_cat-vial-ve-kapaklar","11":"first","12":"instock","13":"shipping-taxable","14":"product-type-simple"},"_links":{"self":[{"href":"https:\/\/develop.eam-scientific.com\/tr\/wp-json\/wp\/v2\/product\/12590","targetHints":{"allow":["GET"]}}],"collection":[{"href":"https:\/\/develop.eam-scientific.com\/tr\/wp-json\/wp\/v2\/product"}],"about":[{"href":"https:\/\/develop.eam-scientific.com\/tr\/wp-json\/wp\/v2\/types\/product"}],"replies":[{"embeddable":true,"href":"https:\/\/develop.eam-scientific.com\/tr\/wp-json\/wp\/v2\/comments?post=12590"}],"wp:featuredmedia":[{"embeddable":true,"href":"https:\/\/develop.eam-scientific.com\/tr\/wp-json\/wp\/v2\/media\/15773"}],"wp:attachment":[{"href":"https:\/\/develop.eam-scientific.com\/tr\/wp-json\/wp\/v2\/media?parent=12590"}],"wp:term":[{"taxonomy":"product_cat","embeddable":true,"href":"https:\/\/develop.eam-scientific.com\/tr\/wp-json\/wp\/v2\/product_cat?post=12590"},{"taxonomy":"product_tag","embeddable":true,"href":"https:\/\/develop.eam-scientific.com\/tr\/wp-json\/wp\/v2\/product_tag?post=12590"}],"curies":[{"name":"wp","href":"https:\/\/api.w.org\/{rel}","templated":true}]}}