{"id":12601,"date":"2024-06-20T15:06:08","date_gmt":"2024-06-20T13:06:08","guid":{"rendered":"http:\/\/develop.eam-scientific.com\/produkt\/vidali-kapak-n-9-pp-mavi-delikli-silikon-beyazi-poliimid-turuncu-10-mm-flor-icermez\/"},"modified":"2024-06-20T15:06:08","modified_gmt":"2024-06-20T13:06:08","slug":"vidali-kapak-n-9-pp-mavi-delikli-silikon-beyazi-poliimid-turuncu-10-mm-flor-icermez","status":"publish","type":"product","link":"https:\/\/develop.eam-scientific.com\/tr\/produkt\/vidali-kapak-n-9-pp-mavi-delikli-silikon-beyazi-poliimid-turuncu-10-mm-flor-icermez\/","title":{"rendered":"Vidal\u0131 kapak, N 9, PP, mavi, delikli, silikon beyaz\u0131\/poliimid turuncu, 1,0 mm, flor i\u00e7ermez"},"content":{"rendered":"<p>Kapak PTFE yerine poliimid ile lamine edilmi\u015ftir (flor i\u00e7ermez); bu nedenle florlu organik maddelerin analizi i\u00e7in uygundur (\u00f6rn. PFAS analizi).<\/p>\n","protected":false},"excerpt":{"rendered":"<p>Kapak PTFE yerine poliimid ile lamine edilmi\u015ftir (flor i\u00e7ermez); bu nedenle florlu organik maddelerin analizi i\u00e7in uygundur (\u00f6rn. PFAS analizi).<\/p>\n","protected":false},"featured_media":9032,"comment_status":"open","ping_status":"closed","template":"","meta":[],"product_cat":[98,97,67,92],"product_tag":[],"class_list":{"0":"post-12601","1":"product","2":"type-product","3":"status-publish","4":"has-post-thumbnail","6":"product_cat-kapaklar-ve-septalar","7":"product_cat-kapanislar","8":"product_cat-kromatografi","9":"product_cat-vial-ve-kapaklar","11":"first","12":"instock","13":"shipping-taxable","14":"product-type-simple"},"_links":{"self":[{"href":"https:\/\/develop.eam-scientific.com\/tr\/wp-json\/wp\/v2\/product\/12601","targetHints":{"allow":["GET"]}}],"collection":[{"href":"https:\/\/develop.eam-scientific.com\/tr\/wp-json\/wp\/v2\/product"}],"about":[{"href":"https:\/\/develop.eam-scientific.com\/tr\/wp-json\/wp\/v2\/types\/product"}],"replies":[{"embeddable":true,"href":"https:\/\/develop.eam-scientific.com\/tr\/wp-json\/wp\/v2\/comments?post=12601"}],"wp:featuredmedia":[{"embeddable":true,"href":"https:\/\/develop.eam-scientific.com\/tr\/wp-json\/wp\/v2\/media\/9032"}],"wp:attachment":[{"href":"https:\/\/develop.eam-scientific.com\/tr\/wp-json\/wp\/v2\/media?parent=12601"}],"wp:term":[{"taxonomy":"product_cat","embeddable":true,"href":"https:\/\/develop.eam-scientific.com\/tr\/wp-json\/wp\/v2\/product_cat?post=12601"},{"taxonomy":"product_tag","embeddable":true,"href":"https:\/\/develop.eam-scientific.com\/tr\/wp-json\/wp\/v2\/product_tag?post=12601"}],"curies":[{"name":"wp","href":"https:\/\/api.w.org\/{rel}","templated":true}]}}