{"id":12607,"date":"2024-06-20T15:06:08","date_gmt":"2024-06-20T13:06:08","guid":{"rendered":"http:\/\/develop.eam-scientific.com\/produkt\/vidali-kapak-n-9-pp-seffaf-delikli-ptfe-beyaz-025-mm\/"},"modified":"2024-06-20T15:06:08","modified_gmt":"2024-06-20T13:06:08","slug":"vidali-kapak-n-9-pp-seffaf-delikli-ptfe-beyaz-025-mm","status":"publish","type":"product","link":"https:\/\/develop.eam-scientific.com\/tr\/produkt\/vidali-kapak-n-9-pp-seffaf-delikli-ptfe-beyaz-025-mm\/","title":{"rendered":"Vidal\u0131 kapak, N 9, PP, \u015feffaf, delikli, PTFE, beyaz, 0,25 mm"},"content":{"rendered":"<p>Saf PTFE septumlu kapaklar yaln\u0131zca k\u0131sa numune tutma s\u00fcreleri ve kritik olmayan analizler i\u00e7in uygundur.<\/p>\n","protected":false},"excerpt":{"rendered":"<p>Saf PTFE septumlu kapaklar yaln\u0131zca k\u0131sa numune tutma s\u00fcreleri ve kritik olmayan analizler i\u00e7in uygundur.<\/p>\n","protected":false},"featured_media":9024,"comment_status":"open","ping_status":"closed","template":"","meta":[],"product_cat":[98,97,67,92],"product_tag":[],"class_list":{"0":"post-12607","1":"product","2":"type-product","3":"status-publish","4":"has-post-thumbnail","6":"product_cat-kapaklar-ve-septalar","7":"product_cat-kapanislar","8":"product_cat-kromatografi","9":"product_cat-vial-ve-kapaklar","11":"first","12":"instock","13":"shipping-taxable","14":"product-type-simple"},"_links":{"self":[{"href":"https:\/\/develop.eam-scientific.com\/tr\/wp-json\/wp\/v2\/product\/12607","targetHints":{"allow":["GET"]}}],"collection":[{"href":"https:\/\/develop.eam-scientific.com\/tr\/wp-json\/wp\/v2\/product"}],"about":[{"href":"https:\/\/develop.eam-scientific.com\/tr\/wp-json\/wp\/v2\/types\/product"}],"replies":[{"embeddable":true,"href":"https:\/\/develop.eam-scientific.com\/tr\/wp-json\/wp\/v2\/comments?post=12607"}],"wp:featuredmedia":[{"embeddable":true,"href":"https:\/\/develop.eam-scientific.com\/tr\/wp-json\/wp\/v2\/media\/9024"}],"wp:attachment":[{"href":"https:\/\/develop.eam-scientific.com\/tr\/wp-json\/wp\/v2\/media?parent=12607"}],"wp:term":[{"taxonomy":"product_cat","embeddable":true,"href":"https:\/\/develop.eam-scientific.com\/tr\/wp-json\/wp\/v2\/product_cat?post=12607"},{"taxonomy":"product_tag","embeddable":true,"href":"https:\/\/develop.eam-scientific.com\/tr\/wp-json\/wp\/v2\/product_tag?post=12607"}],"curies":[{"name":"wp","href":"https:\/\/api.w.org\/{rel}","templated":true}]}}