{"id":12610,"date":"2024-06-20T15:06:08","date_gmt":"2024-06-20T13:06:08","guid":{"rendered":"http:\/\/develop.eam-scientific.com\/produkt\/vidali-kapak-n-13-pp-siyah-delikli-sil-beyaz-ptfe-mavi-capraz-kesimli-15-mm\/"},"modified":"2024-06-20T15:06:08","modified_gmt":"2024-06-20T13:06:08","slug":"vidali-kapak-n-13-pp-siyah-delikli-sil-beyaz-ptfe-mavi-capraz-kesimli-15-mm","status":"publish","type":"product","link":"https:\/\/develop.eam-scientific.com\/tr\/produkt\/vidali-kapak-n-13-pp-siyah-delikli-sil-beyaz-ptfe-mavi-capraz-kesimli-15-mm\/","title":{"rendered":"Vidal\u0131 kapak, N 13, PP, siyah, delikli, sil. beyaz\/PTFE mavi, \u00e7apraz kesimli 1,5 mm"},"content":{"rendered":"<p>Bu 13 mm \u00e7apraz yar\u0131kl\u0131 vidal\u0131 kapak, kal\u0131n ve k\u00f6r HPLC i\u011fneleri i\u00e7in bir penetrasyon yard\u0131m\u0131 sa\u011flar, \u00e7\u00fcnk\u00fc bunlar aksi takdirde septumu \u015fi\u015fenin i\u00e7ine itebilir. Ayr\u0131ca \u00e7apraz yuva, \u00e7oklu enjeksiyonlar s\u0131ras\u0131nda \u015fi\u015fede vakum olu\u015fmas\u0131n\u0131 \u00f6nler.  <\/p>\n","protected":false},"excerpt":{"rendered":"<p>Bu 13 mm \u00e7apraz yar\u0131kl\u0131 vidal\u0131 kapak, kal\u0131n ve k\u00f6r HPLC i\u011fneleri i\u00e7in bir penetrasyon yard\u0131m\u0131 sa\u011flar, \u00e7\u00fcnk\u00fc bunlar aksi takdirde septumu \u015fi\u015fenin i\u00e7ine itebilir. Ayr\u0131ca \u00e7apraz yuva, \u00e7oklu enjeksiyonlar s\u0131ras\u0131nda \u015fi\u015fede vakum olu\u015fmas\u0131n\u0131 \u00f6nler.<\/p>\n","protected":false},"featured_media":9028,"comment_status":"open","ping_status":"closed","template":"","meta":[],"product_cat":[98,97,67,92],"product_tag":[],"class_list":{"0":"post-12610","1":"product","2":"type-product","3":"status-publish","4":"has-post-thumbnail","6":"product_cat-kapaklar-ve-septalar","7":"product_cat-kapanislar","8":"product_cat-kromatografi","9":"product_cat-vial-ve-kapaklar","11":"first","12":"instock","13":"shipping-taxable","14":"product-type-simple"},"_links":{"self":[{"href":"https:\/\/develop.eam-scientific.com\/tr\/wp-json\/wp\/v2\/product\/12610","targetHints":{"allow":["GET"]}}],"collection":[{"href":"https:\/\/develop.eam-scientific.com\/tr\/wp-json\/wp\/v2\/product"}],"about":[{"href":"https:\/\/develop.eam-scientific.com\/tr\/wp-json\/wp\/v2\/types\/product"}],"replies":[{"embeddable":true,"href":"https:\/\/develop.eam-scientific.com\/tr\/wp-json\/wp\/v2\/comments?post=12610"}],"wp:featuredmedia":[{"embeddable":true,"href":"https:\/\/develop.eam-scientific.com\/tr\/wp-json\/wp\/v2\/media\/9028"}],"wp:attachment":[{"href":"https:\/\/develop.eam-scientific.com\/tr\/wp-json\/wp\/v2\/media?parent=12610"}],"wp:term":[{"taxonomy":"product_cat","embeddable":true,"href":"https:\/\/develop.eam-scientific.com\/tr\/wp-json\/wp\/v2\/product_cat?post=12610"},{"taxonomy":"product_tag","embeddable":true,"href":"https:\/\/develop.eam-scientific.com\/tr\/wp-json\/wp\/v2\/product_tag?post=12610"}],"curies":[{"name":"wp","href":"https:\/\/api.w.org\/{rel}","templated":true}]}}