{"id":12612,"date":"2024-06-20T15:06:08","date_gmt":"2024-06-20T13:06:08","guid":{"rendered":"http:\/\/develop.eam-scientific.com\/produkt\/septa-n-17-silikon-ptfe-mavi-seffaf-beyaz-15-mm-45-shore-a\/"},"modified":"2024-06-20T15:06:08","modified_gmt":"2024-06-20T13:06:08","slug":"septa-n-17-silikon-ptfe-mavi-seffaf-beyaz-15-mm-45-shore-a","status":"publish","type":"product","link":"https:\/\/develop.eam-scientific.com\/tr\/produkt\/septa-n-17-silikon-ptfe-mavi-seffaf-beyaz-15-mm-45-shore-a\/","title":{"rendered":"Septa N 17, silikon\/PTFE, mavi \u015feffaf\/beyaz, 1,5 mm, 45\u00b0 shore A"},"content":{"rendered":"<p>Kirlenme riski ve olas\u0131 yanl\u0131\u015f yan y\u00f6nlendirme nedeniyle manuel montaj \u00f6nerilmedi\u011finden, t\u00fcm kapak tipleri ve boyutlar\u0131 i\u00e7in yedek septa sunulmamaktad\u0131r. Ancak, bunlar\u0131 en yayg\u0131n boyutlar ve septum malzemeleri i\u00e7in sunuyoruz. L\u00fctfen septan\u0131n nominal \u00e7ap\u0131n\u0131n, kapa\u011f\u0131n duvar kal\u0131nl\u0131\u011f\u0131 nedeniyle bazen kapa\u011f\u0131n ND&#8217;sinden daha k\u00fc\u00e7\u00fck olabilece\u011fini unutmay\u0131n (\u00f6rne\u011fin septa N 17, manyetik vidal\u0131 kapaklara N 18 monte edilmi\u015ftir).<\/p>\n","protected":false},"excerpt":{"rendered":"<p>Kirlenme riski ve olas\u0131 yanl\u0131\u015f yan y\u00f6nlendirme nedeniyle manuel montaj \u00f6nerilmedi\u011finden, t\u00fcm kapak tipleri ve boyutlar\u0131 i\u00e7in yedek septa sunulmamaktad\u0131r. Ancak, bunlar\u0131 en yayg\u0131n boyutlar ve septum malzemeleri i\u00e7in sunuyoruz. L\u00fctfen septan\u0131n nominal \u00e7ap\u0131n\u0131n, kapa\u011f\u0131n duvar kal\u0131nl\u0131\u011f\u0131 nedeniyle bazen kapa\u011f\u0131n ND&#8217;sinden daha k\u00fc\u00e7\u00fck olabilece\u011fini unutmay\u0131n (\u00f6rne\u011fin septa N 17, manyetik vidal\u0131 kapaklara N 18 monte [&hellip;]<\/p>\n","protected":false},"featured_media":9022,"comment_status":"open","ping_status":"closed","template":"","meta":[],"product_cat":[98,97,67,92],"product_tag":[],"class_list":{"0":"post-12612","1":"product","2":"type-product","3":"status-publish","4":"has-post-thumbnail","6":"product_cat-kapaklar-ve-septalar","7":"product_cat-kapanislar","8":"product_cat-kromatografi","9":"product_cat-vial-ve-kapaklar","11":"first","12":"instock","13":"shipping-taxable","14":"product-type-simple"},"_links":{"self":[{"href":"https:\/\/develop.eam-scientific.com\/tr\/wp-json\/wp\/v2\/product\/12612","targetHints":{"allow":["GET"]}}],"collection":[{"href":"https:\/\/develop.eam-scientific.com\/tr\/wp-json\/wp\/v2\/product"}],"about":[{"href":"https:\/\/develop.eam-scientific.com\/tr\/wp-json\/wp\/v2\/types\/product"}],"replies":[{"embeddable":true,"href":"https:\/\/develop.eam-scientific.com\/tr\/wp-json\/wp\/v2\/comments?post=12612"}],"wp:featuredmedia":[{"embeddable":true,"href":"https:\/\/develop.eam-scientific.com\/tr\/wp-json\/wp\/v2\/media\/9022"}],"wp:attachment":[{"href":"https:\/\/develop.eam-scientific.com\/tr\/wp-json\/wp\/v2\/media?parent=12612"}],"wp:term":[{"taxonomy":"product_cat","embeddable":true,"href":"https:\/\/develop.eam-scientific.com\/tr\/wp-json\/wp\/v2\/product_cat?post=12612"},{"taxonomy":"product_tag","embeddable":true,"href":"https:\/\/develop.eam-scientific.com\/tr\/wp-json\/wp\/v2\/product_tag?post=12612"}],"curies":[{"name":"wp","href":"https:\/\/api.w.org\/{rel}","templated":true}]}}