{"id":12618,"date":"2024-06-20T15:06:08","date_gmt":"2024-06-20T13:06:08","guid":{"rendered":"http:\/\/develop.eam-scientific.com\/produkt\/flare-kapak-n-13-alueminyum-altin-ortasi-yirtilabilir-butil-koyu-gri-ptfe-gri-20-mm\/"},"modified":"2024-06-20T15:06:08","modified_gmt":"2024-06-20T13:06:08","slug":"flare-kapak-n-13-alueminyum-altin-ortasi-yirtilabilir-butil-koyu-gri-ptfe-gri-20-mm","status":"publish","type":"product","link":"https:\/\/develop.eam-scientific.com\/tr\/produkt\/flare-kapak-n-13-alueminyum-altin-ortasi-yirtilabilir-butil-koyu-gri-ptfe-gri-20-mm\/","title":{"rendered":"Flare kapak, N 13, al\u00fcminyum, alt\u0131n, ortas\u0131 y\u0131rt\u0131labilir, butil koyu gri\/PTFE gri, 2,0 mm"},"content":{"rendered":"<p>13 mm geni\u015fletilmi\u015f kapaklar delikli kapaklarla veya ortas\u0131 y\u0131rt\u0131lm\u0131\u015f kurcalanmaya kar\u015f\u0131 korumal\u0131 kapaklar olarak mevcuttur.<\/p>\n","protected":false},"excerpt":{"rendered":"<p>13 mm geni\u015fletilmi\u015f kapaklar delikli kapaklarla veya ortas\u0131 y\u0131rt\u0131lm\u0131\u015f kurcalanmaya kar\u015f\u0131 korumal\u0131 kapaklar olarak mevcuttur.<\/p>\n","protected":false},"featured_media":9014,"comment_status":"open","ping_status":"closed","template":"","meta":[],"product_cat":[98,97,67,92],"product_tag":[],"class_list":{"0":"post-12618","1":"product","2":"type-product","3":"status-publish","4":"has-post-thumbnail","6":"product_cat-kapaklar-ve-septalar","7":"product_cat-kapanislar","8":"product_cat-kromatografi","9":"product_cat-vial-ve-kapaklar","11":"first","12":"instock","13":"shipping-taxable","14":"product-type-simple"},"_links":{"self":[{"href":"https:\/\/develop.eam-scientific.com\/tr\/wp-json\/wp\/v2\/product\/12618","targetHints":{"allow":["GET"]}}],"collection":[{"href":"https:\/\/develop.eam-scientific.com\/tr\/wp-json\/wp\/v2\/product"}],"about":[{"href":"https:\/\/develop.eam-scientific.com\/tr\/wp-json\/wp\/v2\/types\/product"}],"replies":[{"embeddable":true,"href":"https:\/\/develop.eam-scientific.com\/tr\/wp-json\/wp\/v2\/comments?post=12618"}],"wp:featuredmedia":[{"embeddable":true,"href":"https:\/\/develop.eam-scientific.com\/tr\/wp-json\/wp\/v2\/media\/9014"}],"wp:attachment":[{"href":"https:\/\/develop.eam-scientific.com\/tr\/wp-json\/wp\/v2\/media?parent=12618"}],"wp:term":[{"taxonomy":"product_cat","embeddable":true,"href":"https:\/\/develop.eam-scientific.com\/tr\/wp-json\/wp\/v2\/product_cat?post=12618"},{"taxonomy":"product_tag","embeddable":true,"href":"https:\/\/develop.eam-scientific.com\/tr\/wp-json\/wp\/v2\/product_tag?post=12618"}],"curies":[{"name":"wp","href":"https:\/\/api.w.org\/{rel}","templated":true}]}}