{"id":12625,"date":"2024-06-20T15:06:08","date_gmt":"2024-06-20T13:06:08","guid":{"rendered":"http:\/\/develop.eam-scientific.com\/produkt\/septa-n-9-silikon-ptfe-yarik-beyaz-mavi-10-mm-55-shore-a\/"},"modified":"2024-06-20T15:06:08","modified_gmt":"2024-06-20T13:06:08","slug":"septa-n-9-silikon-ptfe-yarik-beyaz-mavi-10-mm-55-shore-a","status":"publish","type":"product","link":"https:\/\/develop.eam-scientific.com\/tr\/produkt\/septa-n-9-silikon-ptfe-yarik-beyaz-mavi-10-mm-55-shore-a\/","title":{"rendered":"Septa N 9, silikon\/PTFE, yar\u0131k, beyaz\/mavi, 1,0 mm, 55\u00b0 shore A"},"content":{"rendered":"<p>Kirlenme riski ve olas\u0131 yanl\u0131\u015f hizalama nedeniyle manuel montaj \u00f6nerilmedi\u011finden, t\u00fcm kapak tipleri ve boyutlar\u0131 i\u00e7in yedek septa sunulmamaktad\u0131r. Bununla birlikte, en yayg\u0131n boyutlar ve septum malzemeleri i\u00e7in bunlar\u0131 ilgili bo\u015f kapaklarla birlikte sunuyoruz. Bireysel septa N 9 sadece vidal\u0131 kapaklarda N 9 kullan\u0131labilir.<\/p>\n","protected":false},"excerpt":{"rendered":"<p>Kirlenme riski ve olas\u0131 yanl\u0131\u015f hizalama nedeniyle manuel montaj \u00f6nerilmedi\u011finden, t\u00fcm kapak tipleri ve boyutlar\u0131 i\u00e7in yedek septa sunulmamaktad\u0131r. Bununla birlikte, en yayg\u0131n boyutlar ve septum malzemeleri i\u00e7in bunlar\u0131 ilgili bo\u015f kapaklarla birlikte sunuyoruz. Bireysel septa N 9 sadece vidal\u0131 kapaklarda N 9 kullan\u0131labilir.<\/p>\n","protected":false},"featured_media":9010,"comment_status":"open","ping_status":"closed","template":"","meta":[],"product_cat":[98,97,67,92],"product_tag":[],"class_list":{"0":"post-12625","1":"product","2":"type-product","3":"status-publish","4":"has-post-thumbnail","6":"product_cat-kapaklar-ve-septalar","7":"product_cat-kapanislar","8":"product_cat-kromatografi","9":"product_cat-vial-ve-kapaklar","11":"first","12":"instock","13":"shipping-taxable","14":"product-type-simple"},"_links":{"self":[{"href":"https:\/\/develop.eam-scientific.com\/tr\/wp-json\/wp\/v2\/product\/12625","targetHints":{"allow":["GET"]}}],"collection":[{"href":"https:\/\/develop.eam-scientific.com\/tr\/wp-json\/wp\/v2\/product"}],"about":[{"href":"https:\/\/develop.eam-scientific.com\/tr\/wp-json\/wp\/v2\/types\/product"}],"replies":[{"embeddable":true,"href":"https:\/\/develop.eam-scientific.com\/tr\/wp-json\/wp\/v2\/comments?post=12625"}],"wp:featuredmedia":[{"embeddable":true,"href":"https:\/\/develop.eam-scientific.com\/tr\/wp-json\/wp\/v2\/media\/9010"}],"wp:attachment":[{"href":"https:\/\/develop.eam-scientific.com\/tr\/wp-json\/wp\/v2\/media?parent=12625"}],"wp:term":[{"taxonomy":"product_cat","embeddable":true,"href":"https:\/\/develop.eam-scientific.com\/tr\/wp-json\/wp\/v2\/product_cat?post=12625"},{"taxonomy":"product_tag","embeddable":true,"href":"https:\/\/develop.eam-scientific.com\/tr\/wp-json\/wp\/v2\/product_tag?post=12625"}],"curies":[{"name":"wp","href":"https:\/\/api.w.org\/{rel}","templated":true}]}}