{"id":12627,"date":"2024-06-20T15:06:08","date_gmt":"2024-06-20T13:06:08","guid":{"rendered":"http:\/\/develop.eam-scientific.com\/produkt\/flare-kapak-n-11-alueminyum-delik-o-ring-alueminyum-septum-guemues-01-mm\/"},"modified":"2024-06-20T15:06:08","modified_gmt":"2024-06-20T13:06:08","slug":"flare-kapak-n-11-alueminyum-delik-o-ring-alueminyum-septum-guemues-01-mm","status":"publish","type":"product","link":"https:\/\/develop.eam-scientific.com\/tr\/produkt\/flare-kapak-n-11-alueminyum-delik-o-ring-alueminyum-septum-guemues-01-mm\/","title":{"rendered":"Flare kapak, N 11, al\u00fcminyum, delik, O-ring + al\u00fcminyum septum, g\u00fcm\u00fc\u015f, 0,1 mm"},"content":{"rendered":"<p>Tek enjeksiyon i\u00e7in kullan\u0131ma haz\u0131r, ftalat i\u00e7ermeyen (TPF), elastomer ve halojen i\u00e7ermeyen septumlu alevli kapak. Plastikle\u015ftiriciler nedeniyle kar\u0131\u015fan pikler olu\u015famayaca\u011f\u0131ndan eser analizler (GC\/MS, LC\/MS) i\u00e7in \u00e7ok uygundur. Di\u011fer uygulama alanlar\u0131 aras\u0131nda ftalat analizi, elastomer ve plastomer analizi, florlu\/halojenli organik bile\u015fiklerin analizi, VOC&#8217;ler (u\u00e7ucu organik bile\u015fikler), polimerizasyon kataliz\u00f6rlerinin analizi ve silikon ve silikat analizi yer almaktad\u0131r. Sadece tek enjeksiyon i\u00e7in uygundur.<\/p>\n","protected":false},"excerpt":{"rendered":"<p>Tek enjeksiyon i\u00e7in kullan\u0131ma haz\u0131r, ftalat i\u00e7ermeyen (TPF), elastomer ve halojen i\u00e7ermeyen septumlu alevli kapak. Plastikle\u015ftiriciler nedeniyle kar\u0131\u015fan pikler olu\u015famayaca\u011f\u0131ndan eser analizler (GC\/MS, LC\/MS) i\u00e7in \u00e7ok uygundur. Di\u011fer uygulama alanlar\u0131 aras\u0131nda ftalat analizi, elastomer ve plastomer analizi, florlu\/halojenli organik bile\u015fiklerin analizi, VOC&#8217;ler (u\u00e7ucu organik bile\u015fikler), polimerizasyon kataliz\u00f6rlerinin analizi ve silikon ve silikat analizi yer almaktad\u0131r. [&hellip;]<\/p>\n","protected":false},"featured_media":9004,"comment_status":"open","ping_status":"closed","template":"","meta":[],"product_cat":[98,97,67,92],"product_tag":[],"class_list":{"0":"post-12627","1":"product","2":"type-product","3":"status-publish","4":"has-post-thumbnail","6":"product_cat-kapaklar-ve-septalar","7":"product_cat-kapanislar","8":"product_cat-kromatografi","9":"product_cat-vial-ve-kapaklar","11":"first","12":"instock","13":"shipping-taxable","14":"product-type-simple"},"_links":{"self":[{"href":"https:\/\/develop.eam-scientific.com\/tr\/wp-json\/wp\/v2\/product\/12627","targetHints":{"allow":["GET"]}}],"collection":[{"href":"https:\/\/develop.eam-scientific.com\/tr\/wp-json\/wp\/v2\/product"}],"about":[{"href":"https:\/\/develop.eam-scientific.com\/tr\/wp-json\/wp\/v2\/types\/product"}],"replies":[{"embeddable":true,"href":"https:\/\/develop.eam-scientific.com\/tr\/wp-json\/wp\/v2\/comments?post=12627"}],"wp:featuredmedia":[{"embeddable":true,"href":"https:\/\/develop.eam-scientific.com\/tr\/wp-json\/wp\/v2\/media\/9004"}],"wp:attachment":[{"href":"https:\/\/develop.eam-scientific.com\/tr\/wp-json\/wp\/v2\/media?parent=12627"}],"wp:term":[{"taxonomy":"product_cat","embeddable":true,"href":"https:\/\/develop.eam-scientific.com\/tr\/wp-json\/wp\/v2\/product_cat?post=12627"},{"taxonomy":"product_tag","embeddable":true,"href":"https:\/\/develop.eam-scientific.com\/tr\/wp-json\/wp\/v2\/product_tag?post=12627"}],"curies":[{"name":"wp","href":"https:\/\/api.w.org\/{rel}","templated":true}]}}