{"id":12631,"date":"2024-06-20T15:05:47","date_gmt":"2024-06-20T13:05:47","guid":{"rendered":"http:\/\/develop.eam-scientific.com\/produkt\/vidali-kapak-n-24-pp-beyaz-delikli-silikon-dogal-ptfe-renksiz-32-mm\/"},"modified":"2024-06-20T15:05:47","modified_gmt":"2024-06-20T13:05:47","slug":"vidali-kapak-n-24-pp-beyaz-delikli-silikon-dogal-ptfe-renksiz-32-mm","status":"publish","type":"product","link":"https:\/\/develop.eam-scientific.com\/tr\/produkt\/vidali-kapak-n-24-pp-beyaz-delikli-silikon-dogal-ptfe-renksiz-32-mm\/","title":{"rendered":"Vidal\u0131 kapak, N 24, PP, beyaz, delikli, silikon do\u011fal\/PTFE renksiz, 3,2 mm"},"content":{"rendered":"<p>EPA&#8217;ya g\u00f6re TOC\/VOC analizleri i\u00e7in monte edilmi\u015f vidal\u0131 kapak N 24. Yedek septum da mevcuttur.<\/p>\n","protected":false},"excerpt":{"rendered":"<p>EPA&#8217;ya g\u00f6re TOC\/VOC analizleri i\u00e7in monte edilmi\u015f vidal\u0131 kapak N 24. Yedek septum da mevcuttur.<\/p>\n","protected":false},"featured_media":9002,"comment_status":"open","ping_status":"closed","template":"","meta":[],"product_cat":[98,97,67,92],"product_tag":[],"class_list":{"0":"post-12631","1":"product","2":"type-product","3":"status-publish","4":"has-post-thumbnail","6":"product_cat-kapaklar-ve-septalar","7":"product_cat-kapanislar","8":"product_cat-kromatografi","9":"product_cat-vial-ve-kapaklar","11":"first","12":"instock","13":"shipping-taxable","14":"product-type-simple"},"_links":{"self":[{"href":"https:\/\/develop.eam-scientific.com\/tr\/wp-json\/wp\/v2\/product\/12631","targetHints":{"allow":["GET"]}}],"collection":[{"href":"https:\/\/develop.eam-scientific.com\/tr\/wp-json\/wp\/v2\/product"}],"about":[{"href":"https:\/\/develop.eam-scientific.com\/tr\/wp-json\/wp\/v2\/types\/product"}],"replies":[{"embeddable":true,"href":"https:\/\/develop.eam-scientific.com\/tr\/wp-json\/wp\/v2\/comments?post=12631"}],"wp:featuredmedia":[{"embeddable":true,"href":"https:\/\/develop.eam-scientific.com\/tr\/wp-json\/wp\/v2\/media\/9002"}],"wp:attachment":[{"href":"https:\/\/develop.eam-scientific.com\/tr\/wp-json\/wp\/v2\/media?parent=12631"}],"wp:term":[{"taxonomy":"product_cat","embeddable":true,"href":"https:\/\/develop.eam-scientific.com\/tr\/wp-json\/wp\/v2\/product_cat?post=12631"},{"taxonomy":"product_tag","embeddable":true,"href":"https:\/\/develop.eam-scientific.com\/tr\/wp-json\/wp\/v2\/product_tag?post=12631"}],"curies":[{"name":"wp","href":"https:\/\/api.w.org\/{rel}","templated":true}]}}