{"id":12636,"date":"2024-06-20T15:05:47","date_gmt":"2024-06-20T13:05:47","guid":{"rendered":"http:\/\/develop.eam-scientific.com\/produkt\/vidali-kapak-n-9-pp-seffaf-delikli-ptfe-kirmizi-silikon-w-ptfe-kirmizi-1-0mm\/"},"modified":"2024-06-20T15:05:47","modified_gmt":"2024-06-20T13:05:47","slug":"vidali-kapak-n-9-pp-seffaf-delikli-ptfe-kirmizi-silikon-w-ptfe-kirmizi-1-0mm","status":"publish","type":"product","link":"https:\/\/develop.eam-scientific.com\/tr\/produkt\/vidali-kapak-n-9-pp-seffaf-delikli-ptfe-kirmizi-silikon-w-ptfe-kirmizi-1-0mm\/","title":{"rendered":"Vidal\u0131 kapak, N 9, PP, \u015feffaf, delikli, PTFE k\u0131rm\u0131z\u0131\/silikon w.\/PTFE k\u0131rm\u0131z\u0131, 1.0mm"},"content":{"rendered":"<p>Analitik safl\u0131k ve d\u00fc\u015f\u00fck partik\u00fcl olu\u015fumu konusundaki en y\u00fcksek talepler i\u00e7in her iki tarafta PTFE lamine silikon septa.<\/p>\n","protected":false},"excerpt":{"rendered":"<p>Analitik safl\u0131k ve d\u00fc\u015f\u00fck partik\u00fcl olu\u015fumu konusundaki en y\u00fcksek talepler i\u00e7in her iki tarafta PTFE lamine silikon septa.<\/p>\n","protected":false},"featured_media":9000,"comment_status":"open","ping_status":"closed","template":"","meta":[],"product_cat":[98,97,67,92],"product_tag":[],"class_list":{"0":"post-12636","1":"product","2":"type-product","3":"status-publish","4":"has-post-thumbnail","6":"product_cat-kapaklar-ve-septalar","7":"product_cat-kapanislar","8":"product_cat-kromatografi","9":"product_cat-vial-ve-kapaklar","11":"first","12":"instock","13":"shipping-taxable","14":"product-type-simple"},"_links":{"self":[{"href":"https:\/\/develop.eam-scientific.com\/tr\/wp-json\/wp\/v2\/product\/12636","targetHints":{"allow":["GET"]}}],"collection":[{"href":"https:\/\/develop.eam-scientific.com\/tr\/wp-json\/wp\/v2\/product"}],"about":[{"href":"https:\/\/develop.eam-scientific.com\/tr\/wp-json\/wp\/v2\/types\/product"}],"replies":[{"embeddable":true,"href":"https:\/\/develop.eam-scientific.com\/tr\/wp-json\/wp\/v2\/comments?post=12636"}],"wp:featuredmedia":[{"embeddable":true,"href":"https:\/\/develop.eam-scientific.com\/tr\/wp-json\/wp\/v2\/media\/9000"}],"wp:attachment":[{"href":"https:\/\/develop.eam-scientific.com\/tr\/wp-json\/wp\/v2\/media?parent=12636"}],"wp:term":[{"taxonomy":"product_cat","embeddable":true,"href":"https:\/\/develop.eam-scientific.com\/tr\/wp-json\/wp\/v2\/product_cat?post=12636"},{"taxonomy":"product_tag","embeddable":true,"href":"https:\/\/develop.eam-scientific.com\/tr\/wp-json\/wp\/v2\/product_tag?post=12636"}],"curies":[{"name":"wp","href":"https:\/\/api.w.org\/{rel}","templated":true}]}}