{"id":12637,"date":"2024-06-20T15:05:47","date_gmt":"2024-06-20T13:05:47","guid":{"rendered":"http:\/\/develop.eam-scientific.com\/produkt\/flare-kapak-n-11-alueminyum-yesil-delikli-kirmizi-kaucuk-fep-renksiz-10-mm\/"},"modified":"2024-06-28T10:18:39","modified_gmt":"2024-06-28T08:18:39","slug":"flare-kapak-n-11-alueminyum-yesil-delikli-kirmizi-kaucuk-fep-renksiz-10-mm","status":"publish","type":"product","link":"https:\/\/develop.eam-scientific.com\/tr\/produkt\/flare-kapak-n-11-alueminyum-yesil-delikli-kirmizi-kaucuk-fep-renksiz-10-mm\/","title":{"rendered":"Flare kapak, N 11, al\u00fcminyum, delikli, k\u0131rm\u0131z\u0131 kau\u00e7uk\/FEP renksiz, 1,0 mm"},"content":{"rendered":"<p>Do\u011fal al\u00fcminyum veya b\u00fctilden daha modern ve geli\u015fmi\u015f septum malzemesi. N\u00fcfuz etmesi daha kolayd\u0131r ve daha az par\u00e7alanmaya neden olur. Bu nedenle g\u00fcn\u00fcm\u00fczde rutin analizler i\u00e7in uygun maliyetli bir s\u0131zd\u0131rmazl\u0131k diski malzemesi olarak \u00e7e\u015fitli kapatma tiplerinde tercih edilmektedir.<\/p>\n","protected":false},"excerpt":{"rendered":"<p>Do\u011fal al\u00fcminyum veya b\u00fctilden daha modern ve geli\u015fmi\u015f septum malzemesi. N\u00fcfuz etmesi daha kolayd\u0131r ve daha az par\u00e7alanmaya neden olur. Bu nedenle g\u00fcn\u00fcm\u00fczde rutin analizler i\u00e7in uygun maliyetli bir s\u0131zd\u0131rmazl\u0131k diski malzemesi olarak \u00e7e\u015fitli kapatma tiplerinde tercih edilmektedir.<\/p>\n","protected":false},"featured_media":15788,"comment_status":"open","ping_status":"closed","template":"","meta":[],"product_cat":[98,97,67,92],"product_tag":[],"class_list":{"0":"post-12637","1":"product","2":"type-product","3":"status-publish","4":"has-post-thumbnail","6":"product_cat-kapaklar-ve-septalar","7":"product_cat-kapanislar","8":"product_cat-kromatografi","9":"product_cat-vial-ve-kapaklar","11":"first","12":"instock","13":"shipping-taxable","14":"product-type-simple"},"_links":{"self":[{"href":"https:\/\/develop.eam-scientific.com\/tr\/wp-json\/wp\/v2\/product\/12637","targetHints":{"allow":["GET"]}}],"collection":[{"href":"https:\/\/develop.eam-scientific.com\/tr\/wp-json\/wp\/v2\/product"}],"about":[{"href":"https:\/\/develop.eam-scientific.com\/tr\/wp-json\/wp\/v2\/types\/product"}],"replies":[{"embeddable":true,"href":"https:\/\/develop.eam-scientific.com\/tr\/wp-json\/wp\/v2\/comments?post=12637"}],"wp:featuredmedia":[{"embeddable":true,"href":"https:\/\/develop.eam-scientific.com\/tr\/wp-json\/wp\/v2\/media\/15788"}],"wp:attachment":[{"href":"https:\/\/develop.eam-scientific.com\/tr\/wp-json\/wp\/v2\/media?parent=12637"}],"wp:term":[{"taxonomy":"product_cat","embeddable":true,"href":"https:\/\/develop.eam-scientific.com\/tr\/wp-json\/wp\/v2\/product_cat?post=12637"},{"taxonomy":"product_tag","embeddable":true,"href":"https:\/\/develop.eam-scientific.com\/tr\/wp-json\/wp\/v2\/product_tag?post=12637"}],"curies":[{"name":"wp","href":"https:\/\/api.w.org\/{rel}","templated":true}]}}