{"id":12641,"date":"2024-06-20T15:05:47","date_gmt":"2024-06-20T13:05:47","guid":{"rendered":"http:\/\/develop.eam-scientific.com\/produkt\/flare-kapak-n-20-alueminyum-altin-delikli-septumsuz\/"},"modified":"2024-06-20T15:05:47","modified_gmt":"2024-06-20T13:05:47","slug":"flare-kapak-n-20-alueminyum-altin-delikli-septumsuz","status":"publish","type":"product","link":"https:\/\/develop.eam-scientific.com\/tr\/produkt\/flare-kapak-n-20-alueminyum-altin-delikli-septumsuz\/","title":{"rendered":"Flare kapak, N 20, al\u00fcminyum, alt\u0131n, delikli, septumsuz"},"content":{"rendered":"<p>D\u00fc\u015f\u00fck ila orta s\u0131cakl\u0131k aral\u0131\u011f\u0131nda tepe bo\u015flu\u011fu analizinde kullan\u0131lan al\u00fcminyum k\u0131vr\u0131ml\u0131 kapak. Adli laboratuvarlarda genellikle 702931.3 butil t\u0131pa ile birlikte kullan\u0131l\u0131r.<\/p>\n","protected":false},"excerpt":{"rendered":"<p>D\u00fc\u015f\u00fck ila orta s\u0131cakl\u0131k aral\u0131\u011f\u0131nda tepe bo\u015flu\u011fu analizinde kullan\u0131lan al\u00fcminyum k\u0131vr\u0131ml\u0131 kapak. Adli laboratuvarlarda genellikle 702931.3 butil t\u0131pa ile birlikte kullan\u0131l\u0131r.<\/p>\n","protected":false},"featured_media":8992,"comment_status":"open","ping_status":"closed","template":"","meta":[],"product_cat":[98,97,67,92],"product_tag":[],"class_list":{"0":"post-12641","1":"product","2":"type-product","3":"status-publish","4":"has-post-thumbnail","6":"product_cat-kapaklar-ve-septalar","7":"product_cat-kapanislar","8":"product_cat-kromatografi","9":"product_cat-vial-ve-kapaklar","11":"first","12":"instock","13":"shipping-taxable","14":"product-type-simple"},"_links":{"self":[{"href":"https:\/\/develop.eam-scientific.com\/tr\/wp-json\/wp\/v2\/product\/12641","targetHints":{"allow":["GET"]}}],"collection":[{"href":"https:\/\/develop.eam-scientific.com\/tr\/wp-json\/wp\/v2\/product"}],"about":[{"href":"https:\/\/develop.eam-scientific.com\/tr\/wp-json\/wp\/v2\/types\/product"}],"replies":[{"embeddable":true,"href":"https:\/\/develop.eam-scientific.com\/tr\/wp-json\/wp\/v2\/comments?post=12641"}],"wp:featuredmedia":[{"embeddable":true,"href":"https:\/\/develop.eam-scientific.com\/tr\/wp-json\/wp\/v2\/media\/8992"}],"wp:attachment":[{"href":"https:\/\/develop.eam-scientific.com\/tr\/wp-json\/wp\/v2\/media?parent=12641"}],"wp:term":[{"taxonomy":"product_cat","embeddable":true,"href":"https:\/\/develop.eam-scientific.com\/tr\/wp-json\/wp\/v2\/product_cat?post=12641"},{"taxonomy":"product_tag","embeddable":true,"href":"https:\/\/develop.eam-scientific.com\/tr\/wp-json\/wp\/v2\/product_tag?post=12641"}],"curies":[{"name":"wp","href":"https:\/\/api.w.org\/{rel}","templated":true}]}}