{"id":12643,"date":"2024-06-20T15:05:47","date_gmt":"2024-06-20T13:05:47","guid":{"rendered":"http:\/\/develop.eam-scientific.com\/produkt\/havsa-kapagi-n-20-alueminyum-tam-yirtilabilir-butil-koyu-gri-ptfe-gri-30-mm\/"},"modified":"2024-06-20T15:05:47","modified_gmt":"2024-06-20T13:05:47","slug":"havsa-kapagi-n-20-alueminyum-tam-yirtilabilir-butil-koyu-gri-ptfe-gri-30-mm","status":"publish","type":"product","link":"https:\/\/develop.eam-scientific.com\/tr\/produkt\/havsa-kapagi-n-20-alueminyum-tam-yirtilabilir-butil-koyu-gri-ptfe-gri-30-mm\/","title":{"rendered":"Hav\u015fa kapa\u011f\u0131, N 20, al\u00fcminyum, tam y\u0131rt\u0131labilir, butil koyu gri\/PTFE gri, 3,0 mm"},"content":{"rendered":"<p>Tam y\u0131rtma kapaklar, kapa\u011f\u0131 merkezden kapak duvarlar\u0131n\u0131n \u00fczerine do\u011fru y\u0131rtarak a\u00e7ma pensesi yard\u0131m\u0131 olmadan \u00e7\u0131kar\u0131labilen geni\u015fletilmi\u015f kapaklard\u0131r. Bu \u00fcr\u00fcn, sadece numune ile temas alan\u0131nda PTFE ile lamine edilmi\u015f butil\/PTFE kal\u0131pl\u0131 diske sahip bir kapakt\u0131r. Bu \u015fekilde, elastomerik butil \u015fi\u015fenin cam kenarlar\u0131nda \u00f6zellikle iyi bir s\u0131zd\u0131rmazl\u0131k sa\u011flayabilirken, tamamen PTFE lamine septa cam \u00fczerinde \u00e7ok kaygan bir y\u00fczeye sahiptir ve bu nedenle kolayca d\u00f6nd\u00fcr\u00fclebilir.<\/p>\n","protected":false},"excerpt":{"rendered":"<p>Tam y\u0131rtma kapaklar, kapa\u011f\u0131 merkezden kapak duvarlar\u0131n\u0131n \u00fczerine do\u011fru y\u0131rtarak a\u00e7ma pensesi yard\u0131m\u0131 olmadan \u00e7\u0131kar\u0131labilen geni\u015fletilmi\u015f kapaklard\u0131r. Bu \u00fcr\u00fcn, sadece numune ile temas alan\u0131nda PTFE ile lamine edilmi\u015f butil\/PTFE kal\u0131pl\u0131 diske sahip bir kapakt\u0131r. Bu \u015fekilde, elastomerik butil \u015fi\u015fenin cam kenarlar\u0131nda \u00f6zellikle iyi bir s\u0131zd\u0131rmazl\u0131k sa\u011flayabilirken, tamamen PTFE lamine septa cam \u00fczerinde \u00e7ok kaygan bir [&hellip;]<\/p>\n","protected":false},"featured_media":8996,"comment_status":"open","ping_status":"closed","template":"","meta":[],"product_cat":[98,97,67,92],"product_tag":[],"class_list":{"0":"post-12643","1":"product","2":"type-product","3":"status-publish","4":"has-post-thumbnail","6":"product_cat-kapaklar-ve-septalar","7":"product_cat-kapanislar","8":"product_cat-kromatografi","9":"product_cat-vial-ve-kapaklar","11":"first","12":"instock","13":"shipping-taxable","14":"product-type-simple"},"_links":{"self":[{"href":"https:\/\/develop.eam-scientific.com\/tr\/wp-json\/wp\/v2\/product\/12643","targetHints":{"allow":["GET"]}}],"collection":[{"href":"https:\/\/develop.eam-scientific.com\/tr\/wp-json\/wp\/v2\/product"}],"about":[{"href":"https:\/\/develop.eam-scientific.com\/tr\/wp-json\/wp\/v2\/types\/product"}],"replies":[{"embeddable":true,"href":"https:\/\/develop.eam-scientific.com\/tr\/wp-json\/wp\/v2\/comments?post=12643"}],"wp:featuredmedia":[{"embeddable":true,"href":"https:\/\/develop.eam-scientific.com\/tr\/wp-json\/wp\/v2\/media\/8996"}],"wp:attachment":[{"href":"https:\/\/develop.eam-scientific.com\/tr\/wp-json\/wp\/v2\/media?parent=12643"}],"wp:term":[{"taxonomy":"product_cat","embeddable":true,"href":"https:\/\/develop.eam-scientific.com\/tr\/wp-json\/wp\/v2\/product_cat?post=12643"},{"taxonomy":"product_tag","embeddable":true,"href":"https:\/\/develop.eam-scientific.com\/tr\/wp-json\/wp\/v2\/product_tag?post=12643"}],"curies":[{"name":"wp","href":"https:\/\/api.w.org\/{rel}","templated":true}]}}