{"id":12650,"date":"2024-06-20T15:05:47","date_gmt":"2024-06-20T13:05:47","guid":{"rendered":"http:\/\/develop.eam-scientific.com\/produkt\/vidali-kapak-n-8-pp-siyah-kapali-septumsuz\/"},"modified":"2024-06-20T15:05:47","modified_gmt":"2024-06-20T13:05:47","slug":"vidali-kapak-n-8-pp-siyah-kapali-septumsuz","status":"publish","type":"product","link":"https:\/\/develop.eam-scientific.com\/tr\/produkt\/vidali-kapak-n-8-pp-siyah-kapali-septumsuz\/","title":{"rendered":"Vidal\u0131 kapak, N 8, PP, siyah, kapal\u0131, septumsuz"},"content":{"rendered":"<p>Bu N 8 vidal\u0131 kapaklar, dar (standart) a\u00e7\u0131kl\u0131\u011fa sahip 8-425 di\u015fli \u015fi\u015feleri kapatmak i\u00e7in uygundur. \u00dcr\u00fcnde s\u0131zd\u0131rmazl\u0131k diski bulunmamaktad\u0131r. Bu, s\u0131k\u0131 s\u0131zd\u0131rmazl\u0131k i\u00e7in ayr\u0131ca sat\u0131n al\u0131nmal\u0131 ya da septumlu \u00f6nceden tak\u0131lm\u0131\u015f bir kapak olmal\u0131d\u0131r. Kapal\u0131 versiyonlar numune depolamak i\u00e7in kullan\u0131l\u0131r.<\/p>\n","protected":false},"excerpt":{"rendered":"<p>Bu N 8 vidal\u0131 kapaklar, dar (standart) a\u00e7\u0131kl\u0131\u011fa sahip 8-425 di\u015fli \u015fi\u015feleri kapatmak i\u00e7in uygundur. \u00dcr\u00fcnde s\u0131zd\u0131rmazl\u0131k diski bulunmamaktad\u0131r. Bu, s\u0131k\u0131 s\u0131zd\u0131rmazl\u0131k i\u00e7in ayr\u0131ca sat\u0131n al\u0131nmal\u0131 ya da septumlu \u00f6nceden tak\u0131lm\u0131\u015f bir kapak olmal\u0131d\u0131r. Kapal\u0131 versiyonlar numune depolamak i\u00e7in kullan\u0131l\u0131r.<\/p>\n","protected":false},"featured_media":8988,"comment_status":"open","ping_status":"closed","template":"","meta":[],"product_cat":[98,97,67,92],"product_tag":[],"class_list":{"0":"post-12650","1":"product","2":"type-product","3":"status-publish","4":"has-post-thumbnail","6":"product_cat-kapaklar-ve-septalar","7":"product_cat-kapanislar","8":"product_cat-kromatografi","9":"product_cat-vial-ve-kapaklar","11":"first","12":"instock","13":"shipping-taxable","14":"product-type-simple"},"_links":{"self":[{"href":"https:\/\/develop.eam-scientific.com\/tr\/wp-json\/wp\/v2\/product\/12650","targetHints":{"allow":["GET"]}}],"collection":[{"href":"https:\/\/develop.eam-scientific.com\/tr\/wp-json\/wp\/v2\/product"}],"about":[{"href":"https:\/\/develop.eam-scientific.com\/tr\/wp-json\/wp\/v2\/types\/product"}],"replies":[{"embeddable":true,"href":"https:\/\/develop.eam-scientific.com\/tr\/wp-json\/wp\/v2\/comments?post=12650"}],"wp:featuredmedia":[{"embeddable":true,"href":"https:\/\/develop.eam-scientific.com\/tr\/wp-json\/wp\/v2\/media\/8988"}],"wp:attachment":[{"href":"https:\/\/develop.eam-scientific.com\/tr\/wp-json\/wp\/v2\/media?parent=12650"}],"wp:term":[{"taxonomy":"product_cat","embeddable":true,"href":"https:\/\/develop.eam-scientific.com\/tr\/wp-json\/wp\/v2\/product_cat?post=12650"},{"taxonomy":"product_tag","embeddable":true,"href":"https:\/\/develop.eam-scientific.com\/tr\/wp-json\/wp\/v2\/product_tag?post=12650"}],"curies":[{"name":"wp","href":"https:\/\/api.w.org\/{rel}","templated":true}]}}