{"id":12652,"date":"2024-06-20T15:05:47","date_gmt":"2024-06-20T13:05:47","guid":{"rendered":"http:\/\/develop.eam-scientific.com\/produkt\/tapa-n-20-bromobutil-kirmizi-45-kiyi-a\/"},"modified":"2024-06-28T10:18:48","modified_gmt":"2024-06-28T08:18:48","slug":"tapa-n-20-bromobutil-kirmizi-45-kiyi-a","status":"publish","type":"product","link":"https:\/\/develop.eam-scientific.com\/tr\/produkt\/tapa-n-20-bromobutil-kirmizi-45-kiyi-a\/","title":{"rendered":"Tapa N 20, bromobutil, gri, 50\u00b0 k\u0131y\u0131 A"},"content":{"rendered":"<p>Genellikle kanda alkol testleri i\u00e7in kullan\u0131l\u0131r. PTFE laminasyonunun olmamas\u0131 nedeniyle headspace analizinde yaln\u0131zca s\u0131n\u0131rl\u0131 uygulama<\/p>\n","protected":false},"excerpt":{"rendered":"<p>Genellikle kanda alkol testleri i\u00e7in kullan\u0131l\u0131r. PTFE laminasyonunun olmamas\u0131 nedeniyle headspace analizinde yaln\u0131zca s\u0131n\u0131rl\u0131 uygulama<\/p>\n","protected":false},"featured_media":15761,"comment_status":"open","ping_status":"closed","template":"","meta":[],"product_cat":[98,97,67,92],"product_tag":[],"class_list":{"0":"post-12652","1":"product","2":"type-product","3":"status-publish","4":"has-post-thumbnail","6":"product_cat-kapaklar-ve-septalar","7":"product_cat-kapanislar","8":"product_cat-kromatografi","9":"product_cat-vial-ve-kapaklar","11":"first","12":"instock","13":"shipping-taxable","14":"product-type-simple"},"_links":{"self":[{"href":"https:\/\/develop.eam-scientific.com\/tr\/wp-json\/wp\/v2\/product\/12652","targetHints":{"allow":["GET"]}}],"collection":[{"href":"https:\/\/develop.eam-scientific.com\/tr\/wp-json\/wp\/v2\/product"}],"about":[{"href":"https:\/\/develop.eam-scientific.com\/tr\/wp-json\/wp\/v2\/types\/product"}],"replies":[{"embeddable":true,"href":"https:\/\/develop.eam-scientific.com\/tr\/wp-json\/wp\/v2\/comments?post=12652"}],"wp:featuredmedia":[{"embeddable":true,"href":"https:\/\/develop.eam-scientific.com\/tr\/wp-json\/wp\/v2\/media\/15761"}],"wp:attachment":[{"href":"https:\/\/develop.eam-scientific.com\/tr\/wp-json\/wp\/v2\/media?parent=12652"}],"wp:term":[{"taxonomy":"product_cat","embeddable":true,"href":"https:\/\/develop.eam-scientific.com\/tr\/wp-json\/wp\/v2\/product_cat?post=12652"},{"taxonomy":"product_tag","embeddable":true,"href":"https:\/\/develop.eam-scientific.com\/tr\/wp-json\/wp\/v2\/product_tag?post=12652"}],"curies":[{"name":"wp","href":"https:\/\/api.w.org\/{rel}","templated":true}]}}