{"id":12658,"date":"2024-06-20T15:05:47","date_gmt":"2024-06-20T13:05:47","guid":{"rendered":"http:\/\/develop.eam-scientific.com\/produkt\/havsa-kapagi-n-11-alueminyum-mavi-delik-ptfe-kirmizi-silikon-w-ptfe-kirmizi-1-0mm\/"},"modified":"2024-06-28T10:18:49","modified_gmt":"2024-06-28T08:18:49","slug":"havsa-kapagi-n-11-alueminyum-mavi-delik-ptfe-kirmizi-silikon-w-ptfe-kirmizi-1-0mm","status":"publish","type":"product","link":"https:\/\/develop.eam-scientific.com\/tr\/produkt\/havsa-kapagi-n-11-alueminyum-mavi-delik-ptfe-kirmizi-silikon-w-ptfe-kirmizi-1-0mm\/","title":{"rendered":"Hav\u015fa kapa\u011f\u0131, N 11, al\u00fcminyum, delikli, PTFE k\u0131rm\u0131z\u0131\/silikon beyaz\/PTFE k\u0131rm\u0131z\u0131, 1,0 mm"},"content":{"rendered":"<p>Sandvi\u00e7 septa olarak da bilinen her iki taraf\u0131 PTFE ile kaplanm\u0131\u015f silikon septa, penetrasyon s\u0131ras\u0131nda partik\u00fcl olu\u015fumunun burada en d\u00fc\u015f\u00fck oldu\u011fu kan\u0131tland\u0131\u011f\u0131ndan, son derece hassas analizler i\u00e7in ve ara\u015ft\u0131rma ve geli\u015ftirmede kullan\u0131l\u0131r. Y\u00fcksek s\u0131cakl\u0131k direnci nedeniyle, malzeme genellikle GC&#8217;de kullan\u0131l\u0131r.<\/p>\n","protected":false},"excerpt":{"rendered":"<p>Sandvi\u00e7 septa olarak da bilinen her iki taraf\u0131 PTFE ile kaplanm\u0131\u015f silikon septa, penetrasyon s\u0131ras\u0131nda partik\u00fcl olu\u015fumunun burada en d\u00fc\u015f\u00fck oldu\u011fu kan\u0131tland\u0131\u011f\u0131ndan, son derece hassas analizler i\u00e7in ve ara\u015ft\u0131rma ve geli\u015ftirmede kullan\u0131l\u0131r. Y\u00fcksek s\u0131cakl\u0131k direnci nedeniyle, malzeme genellikle GC&#8217;de kullan\u0131l\u0131r.<\/p>\n","protected":false},"featured_media":15755,"comment_status":"open","ping_status":"closed","template":"","meta":[],"product_cat":[98,97,67,92],"product_tag":[],"class_list":{"0":"post-12658","1":"product","2":"type-product","3":"status-publish","4":"has-post-thumbnail","6":"product_cat-kapaklar-ve-septalar","7":"product_cat-kapanislar","8":"product_cat-kromatografi","9":"product_cat-vial-ve-kapaklar","11":"first","12":"instock","13":"shipping-taxable","14":"product-type-simple"},"_links":{"self":[{"href":"https:\/\/develop.eam-scientific.com\/tr\/wp-json\/wp\/v2\/product\/12658","targetHints":{"allow":["GET"]}}],"collection":[{"href":"https:\/\/develop.eam-scientific.com\/tr\/wp-json\/wp\/v2\/product"}],"about":[{"href":"https:\/\/develop.eam-scientific.com\/tr\/wp-json\/wp\/v2\/types\/product"}],"replies":[{"embeddable":true,"href":"https:\/\/develop.eam-scientific.com\/tr\/wp-json\/wp\/v2\/comments?post=12658"}],"wp:featuredmedia":[{"embeddable":true,"href":"https:\/\/develop.eam-scientific.com\/tr\/wp-json\/wp\/v2\/media\/15755"}],"wp:attachment":[{"href":"https:\/\/develop.eam-scientific.com\/tr\/wp-json\/wp\/v2\/media?parent=12658"}],"wp:term":[{"taxonomy":"product_cat","embeddable":true,"href":"https:\/\/develop.eam-scientific.com\/tr\/wp-json\/wp\/v2\/product_cat?post=12658"},{"taxonomy":"product_tag","embeddable":true,"href":"https:\/\/develop.eam-scientific.com\/tr\/wp-json\/wp\/v2\/product_tag?post=12658"}],"curies":[{"name":"wp","href":"https:\/\/api.w.org\/{rel}","templated":true}]}}